{"id":66,"date":"2021-05-26T19:33:34","date_gmt":"2021-05-26T17:33:34","guid":{"rendered":"https:\/\/www.koblenzerbuergerstiftung.de\/KBS2021\/?page_id=66"},"modified":"2021-06-06T12:13:09","modified_gmt":"2021-06-06T10:13:09","slug":"organisation","status":"publish","type":"page","link":"https:\/\/www.koblenzerbuergerstiftung.de\/KBS2021\/koblenzerlernpatenprojekt\/organisation\/","title":{"rendered":"Organisation"},"content":{"rendered":"\n<h1 class=\"wp-block-heading\">Wie organisieren wir unser LernpatenProjekt?<\/h1>\n\n\n\n<div class=\"wp-block-image is-style-default\"><figure class=\"alignleft size-large\"><img loading=\"lazy\" decoding=\"async\" width=\"150\" height=\"150\" src=\"https:\/\/www.koblenzerbuergerstiftung.de\/KBS2021\/wp-content\/uploads\/2021\/06\/gear-03-150x150-1.png\" alt=\"\" class=\"wp-image-250\"\/><\/figure><\/div>\n\n\n\n<p>Zun\u00e4chst gilt es, die Lernpaten, die aus allen denkbaren Berufen kommen, auf ihre Aufgabe vorzubereiten. Dies erfolgt durch p\u00e4dagogisch erfahrene Mentoren im Rahmen einer ca. 30st\u00fcndigen Schulung, die nicht nur in die psychologische Welt der Kinder im&nbsp;Grundschulalter und in die Grunds\u00e4tze der heutigen P\u00e4dagogik einweist, sondern auch auf die erg\u00e4nzende Rolle des Lernpaten zu Elternhaus und Schule vorbereitet. Nach dieser Schulung werden die Paten durch regelm\u00e4\u00dfige Treffen (Coaching) begleitet, in welchen der fachliche Erfahrungsaustausch mit Mentoren und den anderen Lernpaten im Vordergrund steht.<\/p>\n\n\n\n<p>Das Projekt steht und f\u00e4llt mit der Mitarbeit der Schulen, deren Bedarf an Lernpaten gro\u00df ist. Die am LernpatenProjekt interessierten Schulen werden im Rahmen einer Schulkonferenz \u00fcber die Zielsetzung des Projekts, die Rolle und Aufgaben der Schulen, Paten und des Tr\u00e4gers und ganz besonders \u00fcber die Kriterien f\u00fcr die Auswahl eines Patenkindes informiert. Die Auswahl wird zwischen mehreren Kindern nach wiederholter Hospitation durch den Lernpaten und in enger Abstimmung mit dem Klassenlehrer getroffen.<\/p>\n","protected":false},"excerpt":{"rendered":"<p>Wie organisieren wir unser LernpatenProjekt? Zun\u00e4chst gilt es, die Lernpaten, die aus allen denkbaren Berufen kommen, auf ihre Aufgabe vorzubereiten. Dies erfolgt durch p\u00e4dagogisch erfahrene Mentoren im Rahmen einer ca. 30st\u00fcndigen Schulung, die nicht nur in die psychologische Welt der Kinder im&nbsp;Grundschulalter und in die Grunds\u00e4tze der heutigen P\u00e4dagogik einweist, sondern auch auf die erg\u00e4nzende &hellip; <a href=\"https:\/\/www.koblenzerbuergerstiftung.de\/KBS2021\/koblenzerlernpatenprojekt\/organisation\/\" class=\"more-link\"><span class=\"screen-reader-text\">Organisation<\/span> weiterlesen <span class=\"meta-nav\">&rarr;<\/span><\/a><\/p>\n","protected":false},"author":2,"featured_media":0,"parent":60,"menu_order":0,"comment_status":"closed","ping_status":"closed","template":"","meta":{"advanced_seo_description":"","jetpack_seo_html_title":"","jetpack_seo_noindex":false,"footnotes":""},"class_list":["post-66","page","type-page","status-publish","hentry"],"jetpack_sharing_enabled":true,"_links":{"self":[{"href":"https:\/\/www.koblenzerbuergerstiftung.de\/KBS2021\/wp-json\/wp\/v2\/pages\/66","targetHints":{"allow":["GET"]}}],"collection":[{"href":"https:\/\/www.koblenzerbuergerstiftung.de\/KBS2021\/wp-json\/wp\/v2\/pages"}],"about":[{"href":"https:\/\/www.koblenzerbuergerstiftung.de\/KBS2021\/wp-json\/wp\/v2\/types\/page"}],"author":[{"embeddable":true,"href":"https:\/\/www.koblenzerbuergerstiftung.de\/KBS2021\/wp-json\/wp\/v2\/users\/2"}],"replies":[{"embeddable":true,"href":"https:\/\/www.koblenzerbuergerstiftung.de\/KBS2021\/wp-json\/wp\/v2\/comments?post=66"}],"version-history":[{"count":0,"href":"https:\/\/www.koblenzerbuergerstiftung.de\/KBS2021\/wp-json\/wp\/v2\/pages\/66\/revisions"}],"up":[{"embeddable":true,"href":"https:\/\/www.koblenzerbuergerstiftung.de\/KBS2021\/wp-json\/wp\/v2\/pages\/60"}],"wp:attachment":[{"href":"https:\/\/www.koblenzerbuergerstiftung.de\/KBS2021\/wp-json\/wp\/v2\/media?parent=66"}],"curies":[{"name":"wp","href":"https:\/\/api.w.org\/{rel}","templated":true}]}}