{"id":62,"date":"2021-05-26T19:33:08","date_gmt":"2021-05-26T17:33:08","guid":{"rendered":"https:\/\/www.koblenzerbuergerstiftung.de\/KBS2021\/?page_id=62"},"modified":"2025-02-14T09:08:26","modified_gmt":"2025-02-14T08:08:26","slug":"kontakt","status":"publish","type":"page","link":"https:\/\/www.koblenzerbuergerstiftung.de\/KBS2021\/kontakt\/","title":{"rendered":"Kontakt"},"content":{"rendered":"\n<h2 class=\"wp-block-heading\">So erreichen Sie&nbsp;uns<\/h2>\n\n\n\n<h5 class=\"wp-block-heading\">Gesch\u00e4ftsstelle<\/h5>\n\n\n<div class=\"wp-block-image\">\n<figure class=\"alignright size-large is-resized\"><img loading=\"lazy\" decoding=\"async\" width=\"895\" height=\"576\" src=\"https:\/\/www.koblenzerbuergerstiftung.de\/KBS2021\/wp-content\/uploads\/2021\/06\/koblenz-deutsches-eck-rhein-mosel-seilbahn-mit-Regenbogen-895x576-1.jpg\" alt=\"\" class=\"wp-image-171\" style=\"width:194px;height:125px\" srcset=\"https:\/\/www.koblenzerbuergerstiftung.de\/KBS2021\/wp-content\/uploads\/2021\/06\/koblenz-deutsches-eck-rhein-mosel-seilbahn-mit-Regenbogen-895x576-1.jpg 895w, https:\/\/www.koblenzerbuergerstiftung.de\/KBS2021\/wp-content\/uploads\/2021\/06\/koblenz-deutsches-eck-rhein-mosel-seilbahn-mit-Regenbogen-895x576-1-300x193.jpg 300w, https:\/\/www.koblenzerbuergerstiftung.de\/KBS2021\/wp-content\/uploads\/2021\/06\/koblenz-deutsches-eck-rhein-mosel-seilbahn-mit-Regenbogen-895x576-1-768x494.jpg 768w\" sizes=\"auto, (max-width: 895px) 100vw, 895px\" \/><\/figure>\n<\/div>\n\n\n<p>KoblenzerB\u00fcrgerStiftung<br>Thielenstra\u00dfe 13<br>56073 Koblenz<\/p>\n\n\n\n<p>Telefon: 0261 \u2013 201 78 78<br>E-Mail: <a href=\"mailto:info@koblenzerbuergerstiftung.de\">info@koblenzerbuergerstiftung.de<\/a><\/p>\n\n\n\n<p>\u00d6ffnungszeiten:&nbsp;Montag \u2013 Donnerstag von 9:00 bis 12:00 Uhr<br>(und nach Vereinbarung)<\/p>\n\n\n\n<h5 class=\"wp-block-heading\">Vorstand:<\/h5>\n\n\n\n<p>Detlev Pilger (Vorsitzender)<br>Zu erreichen \u00fcber die Gesch\u00e4ftsstelle 0261 201 78 78<\/p>\n\n\n\n<h5 class=\"wp-block-heading\">Stiftungsrat:<\/h5>\n\n\n\n<p>Vorsitzender: Andreas Kimmel<br>stellv. Vorsitzende: Dr.<em> <\/em>Margit Theis-Scholz<\/p>\n\n\n\n<p>Zu erreichen &nbsp;\u00fcber die Gesch\u00e4ftsstelle 0261 201 78 78<\/p>\n","protected":false},"excerpt":{"rendered":"<p>So erreichen Sie&nbsp;uns Gesch\u00e4ftsstelle KoblenzerB\u00fcrgerStiftungThielenstra\u00dfe 1356073 Koblenz Telefon: 0261 \u2013 201 78 78E-Mail: info@koblenzerbuergerstiftung.de \u00d6ffnungszeiten:&nbsp;Montag \u2013 Donnerstag von 9:00 bis 12:00 Uhr(und nach Vereinbarung) Vorstand: Detlev Pilger (Vorsitzender)Zu erreichen \u00fcber die Gesch\u00e4ftsstelle 0261 201 78 78 Stiftungsrat: Vorsitzender: Andreas Kimmelstellv. Vorsitzende: Dr. Margit Theis-Scholz Zu erreichen &nbsp;\u00fcber die Gesch\u00e4ftsstelle 0261 201 78 78<\/p>\n","protected":false},"author":2,"featured_media":0,"parent":0,"menu_order":0,"comment_status":"closed","ping_status":"closed","template":"","meta":{"advanced_seo_description":"","jetpack_seo_html_title":"","jetpack_seo_noindex":false,"footnotes":""},"class_list":["post-62","page","type-page","status-publish","hentry"],"jetpack_sharing_enabled":true,"_links":{"self":[{"href":"https:\/\/www.koblenzerbuergerstiftung.de\/KBS2021\/wp-json\/wp\/v2\/pages\/62","targetHints":{"allow":["GET"]}}],"collection":[{"href":"https:\/\/www.koblenzerbuergerstiftung.de\/KBS2021\/wp-json\/wp\/v2\/pages"}],"about":[{"href":"https:\/\/www.koblenzerbuergerstiftung.de\/KBS2021\/wp-json\/wp\/v2\/types\/page"}],"author":[{"embeddable":true,"href":"https:\/\/www.koblenzerbuergerstiftung.de\/KBS2021\/wp-json\/wp\/v2\/users\/2"}],"replies":[{"embeddable":true,"href":"https:\/\/www.koblenzerbuergerstiftung.de\/KBS2021\/wp-json\/wp\/v2\/comments?post=62"}],"version-history":[{"count":0,"href":"https:\/\/www.koblenzerbuergerstiftung.de\/KBS2021\/wp-json\/wp\/v2\/pages\/62\/revisions"}],"wp:attachment":[{"href":"https:\/\/www.koblenzerbuergerstiftung.de\/KBS2021\/wp-json\/wp\/v2\/media?parent=62"}],"curies":[{"name":"wp","href":"https:\/\/api.w.org\/{rel}","templated":true}]}}