{"id":60,"date":"2021-05-26T18:32:58","date_gmt":"2021-05-26T17:32:58","guid":{"rendered":"https:\/\/www.koblenzerbuergerstiftung.de\/KBS2021\/?page_id=60"},"modified":"2024-02-09T14:01:58","modified_gmt":"2024-02-09T13:01:58","slug":"koblenzerlernpatenprojekt","status":"publish","type":"page","link":"https:\/\/www.koblenzerbuergerstiftung.de\/KBS2021\/koblenzerlernpatenprojekt\/","title":{"rendered":"Koblenzer\u2022Lernpaten\u2022Projekt"},"content":{"rendered":"\n<h3 class=\"wp-block-heading\">Warum gibt es das LernpatenProjekt?<\/h3>\n\n\n<div class=\"wp-block-image\">\n<figure class=\"alignright size-large\"><img loading=\"lazy\" decoding=\"async\" width=\"150\" height=\"150\" src=\"https:\/\/www.koblenzerbuergerstiftung.de\/KBS2021\/wp-content\/uploads\/2021\/06\/ButtonLernPatenProjekte-150x150-1.jpg\" alt=\"\" class=\"wp-image-180\"\/><\/figure>\n<\/div>\n\n\n<p>Ein besonderes Anliegen der KoblenzerB\u00fcrgerStiftung ist die Unterst\u00fctzung und F\u00f6rderung von Kindern und Jugendlichen. Nicht alle Kinder haben die gleichen Chancen im Leben und starten mit sehr unterschiedlichen Voraussetzungen.<\/p>\n\n\n\n<p>Die KoblenzerB\u00fcrgerStiftung setzt genau hier an und startete 2010 das LernpatenProjekt an Koblenzer Grundschulen.<\/p>\n\n\n\n<p>F\u00fcr diese ehrenamtliche Aufgabe suchen wir st\u00e4ndig M\u00e4nner und Frauen, die sich f\u00fcr mindestens ein Schuljahr einmal pro Woche ca. 2 Stunden Zeit f\u00fcr ein Kind nehmen m\u00f6chten und sich ihm ganz zuwenden wollen. Ihre Bem\u00fchungen gelten vorrangig der F\u00f6rderung des Selbstvertrauens und der \u2013 im umfassenden Sinn des Wortes \u2013 F\u00e4higkeiten ihres Patenkindes. Eine Verbesserung der schulischen Leistungen \u2013 im Sinne von F\u00f6rderunterricht \u2013 ist jedoch nicht Ziel und Zweck dieses Projektes.<\/p>\n\n\n\n<p>Das KoblenzerLernpatenProjekt ist Mitglied im&nbsp;<a rel=\"noreferrer noopener\" href=\"http:\/\/www.lernpatenprojekte.de\" target=\"_blank\">Tr\u00e4gerverein \u201ekeiner darf verloren gehen\u201c e. V.&nbsp;<\/a><\/p>\n\n\n\n<figure class=\"wp-block-video\"><video height=\"270\" style=\"aspect-ratio: 480 \/ 270;\" width=\"480\" controls src=\"https:\/\/www.koblenzerbuergerstiftung.de\/KBS2021\/wp-content\/uploads\/2021\/06\/10_Jahre_SWR.mp4\"><\/video><\/figure>\n","protected":false},"excerpt":{"rendered":"<p>Warum gibt es das LernpatenProjekt? Ein besonderes Anliegen der KoblenzerB\u00fcrgerStiftung ist die Unterst\u00fctzung und F\u00f6rderung von Kindern und Jugendlichen. Nicht alle Kinder haben die gleichen Chancen im Leben und starten mit sehr unterschiedlichen Voraussetzungen. Die KoblenzerB\u00fcrgerStiftung setzt genau hier an und startete 2010 das LernpatenProjekt an Koblenzer Grundschulen. F\u00fcr diese ehrenamtliche Aufgabe suchen wir st\u00e4ndig &hellip; <a href=\"https:\/\/www.koblenzerbuergerstiftung.de\/KBS2021\/koblenzerlernpatenprojekt\/\" class=\"more-link\"><span class=\"screen-reader-text\">Koblenzer\u2022Lernpaten\u2022Projekt<\/span> weiterlesen <span class=\"meta-nav\">&rarr;<\/span><\/a><\/p>\n","protected":false},"author":2,"featured_media":0,"parent":0,"menu_order":0,"comment_status":"closed","ping_status":"closed","template":"","meta":{"advanced_seo_description":"","jetpack_seo_html_title":"","jetpack_seo_noindex":false,"footnotes":""},"class_list":["post-60","page","type-page","status-publish","hentry"],"jetpack_sharing_enabled":true,"_links":{"self":[{"href":"https:\/\/www.koblenzerbuergerstiftung.de\/KBS2021\/wp-json\/wp\/v2\/pages\/60","targetHints":{"allow":["GET"]}}],"collection":[{"href":"https:\/\/www.koblenzerbuergerstiftung.de\/KBS2021\/wp-json\/wp\/v2\/pages"}],"about":[{"href":"https:\/\/www.koblenzerbuergerstiftung.de\/KBS2021\/wp-json\/wp\/v2\/types\/page"}],"author":[{"embeddable":true,"href":"https:\/\/www.koblenzerbuergerstiftung.de\/KBS2021\/wp-json\/wp\/v2\/users\/2"}],"replies":[{"embeddable":true,"href":"https:\/\/www.koblenzerbuergerstiftung.de\/KBS2021\/wp-json\/wp\/v2\/comments?post=60"}],"version-history":[{"count":0,"href":"https:\/\/www.koblenzerbuergerstiftung.de\/KBS2021\/wp-json\/wp\/v2\/pages\/60\/revisions"}],"wp:attachment":[{"href":"https:\/\/www.koblenzerbuergerstiftung.de\/KBS2021\/wp-json\/wp\/v2\/media?parent=60"}],"curies":[{"name":"wp","href":"https:\/\/api.w.org\/{rel}","templated":true}]}}