{"id":58,"date":"2021-05-26T19:32:32","date_gmt":"2021-05-26T17:32:32","guid":{"rendered":"https:\/\/www.koblenzerbuergerstiftung.de\/KBS2021\/?page_id=58"},"modified":"2021-06-10T13:39:53","modified_gmt":"2021-06-10T11:39:53","slug":"koblenzerehrenamtsagentur","status":"publish","type":"page","link":"https:\/\/www.koblenzerbuergerstiftung.de\/KBS2021\/koblenzerehrenamtsagentur\/","title":{"rendered":"Koblenzer\u2022Ehrenamts\u2022Agentur"},"content":{"rendered":"\n<h3 class=\"wp-block-heading\">Die Informations- und Beratungsstelle f\u00fcr das b\u00fcrgerschaftliche Engagement in Koblenz<\/h3>\n\n\n\n<div class=\"wp-block-columns is-layout-flex wp-container-core-columns-is-layout-9d6595d7 wp-block-columns-is-layout-flex\">\n<div class=\"wp-block-column is-layout-flow wp-block-column-is-layout-flow\">\n<figure class=\"wp-block-image size-large is-resized is-style-default\"><a href=\"https:\/\/www.koblenzerbuergerstiftung.de\/KBS2021\/sie-suchen-ein-ehrenamt\/\"><img loading=\"lazy\" decoding=\"async\" src=\"https:\/\/www.koblenzerbuergerstiftung.de\/KBS2021\/wp-content\/uploads\/2021\/06\/Button_Suchen.png\" alt=\"\" class=\"wp-image-185\" width=\"250\" height=\"250\" srcset=\"https:\/\/www.koblenzerbuergerstiftung.de\/KBS2021\/wp-content\/uploads\/2021\/06\/Button_Suchen.png 500w, https:\/\/www.koblenzerbuergerstiftung.de\/KBS2021\/wp-content\/uploads\/2021\/06\/Button_Suchen-300x300.png 300w, https:\/\/www.koblenzerbuergerstiftung.de\/KBS2021\/wp-content\/uploads\/2021\/06\/Button_Suchen-150x150.png 150w\" sizes=\"auto, (max-width: 250px) 100vw, 250px\" \/><\/a><\/figure>\n<\/div>\n\n\n\n<div class=\"wp-block-column is-layout-flow wp-block-column-is-layout-flow\">\n<figure class=\"wp-block-image size-large is-resized is-style-default\"><img decoding=\"async\" src=\"https:\/\/www.koblenzerbuergerstiftung.de\/KBS2021\/wp-content\/uploads\/2021\/06\/ButtonEhrenamtsAgentur_300x225-e1489678144578-150x150-1.jpg\" alt=\"\" class=\"wp-image-188\" width=\"250\"\/><\/figure>\n<\/div>\n<\/div>\n\n\n\n<div class=\"wp-block-columns is-layout-flex wp-container-core-columns-is-layout-9d6595d7 wp-block-columns-is-layout-flex\">\n<div class=\"wp-block-column is-layout-flow wp-block-column-is-layout-flow\">\n<figure class=\"wp-block-image size-large is-resized is-style-default\"><img loading=\"lazy\" decoding=\"async\" src=\"https:\/\/www.koblenzerbuergerstiftung.de\/KBS2021\/wp-content\/uploads\/2021\/06\/EAA_Startseite_3-700x576-1-e1622883557983.jpg\" alt=\"\" class=\"wp-image-195\" width=\"250\" height=\"250\" srcset=\"https:\/\/www.koblenzerbuergerstiftung.de\/KBS2021\/wp-content\/uploads\/2021\/06\/EAA_Startseite_3-700x576-1-e1622883557983.jpg 575w, https:\/\/www.koblenzerbuergerstiftung.de\/KBS2021\/wp-content\/uploads\/2021\/06\/EAA_Startseite_3-700x576-1-e1622883557983-300x300.jpg 300w, https:\/\/www.koblenzerbuergerstiftung.de\/KBS2021\/wp-content\/uploads\/2021\/06\/EAA_Startseite_3-700x576-1-e1622883557983-150x150.jpg 150w\" sizes=\"auto, (max-width: 250px) 100vw, 250px\" \/><\/figure>\n<\/div>\n\n\n\n<div class=\"wp-block-column is-layout-flow wp-block-column-is-layout-flow\">\n<figure class=\"wp-block-image size-large is-resized is-style-default\"><a href=\"https:\/\/www.koblenzerbuergerstiftung.de\/KBS2021\/sie-bieten-ein-ehrenamt\/\"><img loading=\"lazy\" decoding=\"async\" src=\"https:\/\/www.koblenzerbuergerstiftung.de\/KBS2021\/wp-content\/uploads\/2021\/06\/Button_Bieten.png\" alt=\"\" class=\"wp-image-184\" width=\"250\" height=\"250\" srcset=\"https:\/\/www.koblenzerbuergerstiftung.de\/KBS2021\/wp-content\/uploads\/2021\/06\/Button_Bieten.png 500w, https:\/\/www.koblenzerbuergerstiftung.de\/KBS2021\/wp-content\/uploads\/2021\/06\/Button_Bieten-300x300.png 300w, https:\/\/www.koblenzerbuergerstiftung.de\/KBS2021\/wp-content\/uploads\/2021\/06\/Button_Bieten-150x150.png 150w\" sizes=\"auto, (max-width: 250px) 100vw, 250px\" \/><\/a><\/figure>\n<\/div>\n<\/div>\n\n\n\n<p>Die&nbsp;KoblenzerEhrenamtsAgentur \u00fcbernimmt Verantwortung f\u00fcr die Gestaltung des Ehrenamts in unserer Stadt.<\/p>\n\n\n\n<p>Im Rahmen ihrer satzungsgem\u00e4\u00dfen Aufgabenstellung \u201eZeit stiften, Ideen stiften, Geld stiften\u201c f\u00f6rdert die Koblenzer B\u00fcrgerStiftung auch das b\u00fcrgerliche Engagement.<\/p>\n\n\n\n<p>Darum hat sie die Idee des Seniorenbeirates aufgegriffen und die KoblenzerEhrenamtsAgentur gegr\u00fcndet \u2013 die Servicestelle f\u00fcr Ehrenamtlichkeit.<\/p>\n\n\n\n<p>Ach \u00fcbrigens, auch die&nbsp;<strong>Stadt Koblenz<\/strong>&nbsp;f\u00f6rdert das Ehrenamt! Sehen Sie sich&nbsp;<a href=\"https:\/\/www.koblenz.de\/leben-in-koblenz\/soziales\/ehrenamtskarte\/\" target=\"_blank\" rel=\"noreferrer noopener\">hier<\/a>&nbsp;an, was es \u00fcber die&nbsp;<strong>Ehrenamtskarte<\/strong>&nbsp;zu erz\u00e4hlen gibt \u2026<\/p>\n\n\n\n<p>Lesen Sie&nbsp;<a href=\"https:\/\/www.koblenzerbuergerstiftung.de\/ueber-die-ehrenamtsagentur\/\" data-type=\"page\" data-id=\"120\">hier<\/a>&nbsp;mehr dazu.<\/p>\n","protected":false},"excerpt":{"rendered":"<p>Die Informations- und Beratungsstelle f\u00fcr das b\u00fcrgerschaftliche Engagement in Koblenz Die&nbsp;KoblenzerEhrenamtsAgentur \u00fcbernimmt Verantwortung f\u00fcr die Gestaltung des Ehrenamts in unserer Stadt. Im Rahmen ihrer satzungsgem\u00e4\u00dfen Aufgabenstellung \u201eZeit stiften, Ideen stiften, Geld stiften\u201c f\u00f6rdert die Koblenzer B\u00fcrgerStiftung auch das b\u00fcrgerliche Engagement. Darum hat sie die Idee des Seniorenbeirates aufgegriffen und die KoblenzerEhrenamtsAgentur gegr\u00fcndet \u2013 die Servicestelle &hellip; <a href=\"https:\/\/www.koblenzerbuergerstiftung.de\/KBS2021\/koblenzerehrenamtsagentur\/\" class=\"more-link\"><span class=\"screen-reader-text\">Koblenzer\u2022Ehrenamts\u2022Agentur<\/span> weiterlesen <span class=\"meta-nav\">&rarr;<\/span><\/a><\/p>\n","protected":false},"author":2,"featured_media":0,"parent":0,"menu_order":0,"comment_status":"closed","ping_status":"closed","template":"","meta":{"advanced_seo_description":"","jetpack_seo_html_title":"","jetpack_seo_noindex":false,"footnotes":""},"class_list":["post-58","page","type-page","status-publish","hentry"],"jetpack_sharing_enabled":true,"_links":{"self":[{"href":"https:\/\/www.koblenzerbuergerstiftung.de\/KBS2021\/wp-json\/wp\/v2\/pages\/58","targetHints":{"allow":["GET"]}}],"collection":[{"href":"https:\/\/www.koblenzerbuergerstiftung.de\/KBS2021\/wp-json\/wp\/v2\/pages"}],"about":[{"href":"https:\/\/www.koblenzerbuergerstiftung.de\/KBS2021\/wp-json\/wp\/v2\/types\/page"}],"author":[{"embeddable":true,"href":"https:\/\/www.koblenzerbuergerstiftung.de\/KBS2021\/wp-json\/wp\/v2\/users\/2"}],"replies":[{"embeddable":true,"href":"https:\/\/www.koblenzerbuergerstiftung.de\/KBS2021\/wp-json\/wp\/v2\/comments?post=58"}],"version-history":[{"count":0,"href":"https:\/\/www.koblenzerbuergerstiftung.de\/KBS2021\/wp-json\/wp\/v2\/pages\/58\/revisions"}],"wp:attachment":[{"href":"https:\/\/www.koblenzerbuergerstiftung.de\/KBS2021\/wp-json\/wp\/v2\/media?parent=58"}],"curies":[{"name":"wp","href":"https:\/\/api.w.org\/{rel}","templated":true}]}}