{"id":56,"date":"2021-05-26T19:32:11","date_gmt":"2021-05-26T17:32:11","guid":{"rendered":"https:\/\/www.koblenzerbuergerstiftung.de\/KBS2021\/?page_id=56"},"modified":"2023-03-29T09:48:19","modified_gmt":"2023-03-29T07:48:19","slug":"koblenzerbuergerstiftung","status":"publish","type":"page","link":"https:\/\/www.koblenzerbuergerstiftung.de\/KBS2021\/koblenzerbuergerstiftung\/","title":{"rendered":"Koblenzer\u2022B\u00fcrger\u2022Stiftung"},"content":{"rendered":"\n<h2 class=\"wp-block-heading\">Von Koblenzern f\u00fcr Koblenzer<\/h2>\n\n\n<div class=\"wp-block-image is-style-default\">\n<figure class=\"alignright size-thumbnail is-resized\"><img decoding=\"async\" src=\"https:\/\/www.koblenzerbuergerstiftung.de\/KBS2021\/wp-content\/uploads\/2021\/05\/refresh-01-300x300-1-150x150.png\" alt=\"\" class=\"wp-image-163\" width=\"121\" srcset=\"https:\/\/www.koblenzerbuergerstiftung.de\/KBS2021\/wp-content\/uploads\/2021\/05\/refresh-01-300x300-1-150x150.png 150w, https:\/\/www.koblenzerbuergerstiftung.de\/KBS2021\/wp-content\/uploads\/2021\/05\/refresh-01-300x300-1.png 300w\" sizes=\"(max-width: 150px) 100vw, 150px\" \/><\/figure>\n<\/div>\n\n\n<p>Die KoblenzerB\u00fcrgerStiftung ist eine Gemeinschaftsstiftung von Koblenzern, f\u00fcr Koblenzer.<\/p>\n\n\n\n<p>Die KoblenzerB\u00fcrgerStiftung ist unabh\u00e4ngig, \u00fcberparteilich, konfessionsfrei, generations\u00fcbergreifend und f\u00fcr alle offen. Sie ruft&nbsp;die B\u00fcrgerinnen und B\u00fcrger von Koblenz dazu auf, mehr Mitverantwortung f\u00fcr die Gestaltung und F\u00f6rderung unserer Heimatstadt zu \u00fcbernehmen. Dabei stehen Starke f\u00fcr Schwache ein. Jeder gibt, was er kann \u2013 seien es Zeit, Ideen oder Geld.<\/p>\n\n\n\n<p>Die KoblenzerB\u00fcrgerStiftung engagiert sich gemeinn\u00fctzig und nachhaltig f\u00fcr unsere Stadt und ihre B\u00fcrger. Sie denkt zukunftsorientiert, handelt sozial, transparent und unabh\u00e4ngig.<\/p>\n","protected":false},"excerpt":{"rendered":"<p>Von Koblenzern f\u00fcr Koblenzer Die KoblenzerB\u00fcrgerStiftung ist eine Gemeinschaftsstiftung von Koblenzern, f\u00fcr Koblenzer. Die KoblenzerB\u00fcrgerStiftung ist unabh\u00e4ngig, \u00fcberparteilich, konfessionsfrei, generations\u00fcbergreifend und f\u00fcr alle offen. Sie ruft&nbsp;die B\u00fcrgerinnen und B\u00fcrger von Koblenz dazu auf, mehr Mitverantwortung f\u00fcr die Gestaltung und F\u00f6rderung unserer Heimatstadt zu \u00fcbernehmen. Dabei stehen Starke f\u00fcr Schwache ein. Jeder gibt, was er kann &hellip; <a href=\"https:\/\/www.koblenzerbuergerstiftung.de\/KBS2021\/koblenzerbuergerstiftung\/\" class=\"more-link\"><span class=\"screen-reader-text\">Koblenzer\u2022B\u00fcrger\u2022Stiftung<\/span> weiterlesen <span class=\"meta-nav\">&rarr;<\/span><\/a><\/p>\n","protected":false},"author":2,"featured_media":0,"parent":0,"menu_order":0,"comment_status":"closed","ping_status":"closed","template":"","meta":{"advanced_seo_description":"","jetpack_seo_html_title":"","jetpack_seo_noindex":false,"footnotes":""},"class_list":["post-56","page","type-page","status-publish","hentry"],"jetpack_sharing_enabled":true,"_links":{"self":[{"href":"https:\/\/www.koblenzerbuergerstiftung.de\/KBS2021\/wp-json\/wp\/v2\/pages\/56","targetHints":{"allow":["GET"]}}],"collection":[{"href":"https:\/\/www.koblenzerbuergerstiftung.de\/KBS2021\/wp-json\/wp\/v2\/pages"}],"about":[{"href":"https:\/\/www.koblenzerbuergerstiftung.de\/KBS2021\/wp-json\/wp\/v2\/types\/page"}],"author":[{"embeddable":true,"href":"https:\/\/www.koblenzerbuergerstiftung.de\/KBS2021\/wp-json\/wp\/v2\/users\/2"}],"replies":[{"embeddable":true,"href":"https:\/\/www.koblenzerbuergerstiftung.de\/KBS2021\/wp-json\/wp\/v2\/comments?post=56"}],"version-history":[{"count":0,"href":"https:\/\/www.koblenzerbuergerstiftung.de\/KBS2021\/wp-json\/wp\/v2\/pages\/56\/revisions"}],"wp:attachment":[{"href":"https:\/\/www.koblenzerbuergerstiftung.de\/KBS2021\/wp-json\/wp\/v2\/media?parent=56"}],"curies":[{"name":"wp","href":"https:\/\/api.w.org\/{rel}","templated":true}]}}