{"id":54,"date":"2021-05-26T19:31:42","date_gmt":"2021-05-26T17:31:42","guid":{"rendered":"https:\/\/www.koblenzerbuergerstiftung.de\/KBS2021\/?page_id=54"},"modified":"2021-06-06T12:06:35","modified_gmt":"2021-06-06T10:06:35","slug":"keine-zeit","status":"publish","type":"page","link":"https:\/\/www.koblenzerbuergerstiftung.de\/KBS2021\/keine-zeit\/","title":{"rendered":"Keine Zeit?"},"content":{"rendered":"\n<h1 class=\"wp-block-heading\">KEINE ZEIT?<\/h1>\n\n\n\n<p>Sie haben im Moment keine Zeit sich ehrenamtlich zu bet\u00e4tigen, m\u00f6chten aber dennoch das LernpatenProjekt unterst\u00fctzen?<\/p>\n\n\n\n<div class=\"wp-block-image is-style-default\"><figure class=\"alignleft size-large\"><img loading=\"lazy\" decoding=\"async\" width=\"450\" height=\"338\" src=\"https:\/\/www.koblenzerbuergerstiftung.de\/KBS2021\/wp-content\/uploads\/2021\/06\/Startseite_GeldStiften.jpg\" alt=\"\" class=\"wp-image-237\" srcset=\"https:\/\/www.koblenzerbuergerstiftung.de\/KBS2021\/wp-content\/uploads\/2021\/06\/Startseite_GeldStiften.jpg 450w, https:\/\/www.koblenzerbuergerstiftung.de\/KBS2021\/wp-content\/uploads\/2021\/06\/Startseite_GeldStiften-300x225.jpg 300w\" sizes=\"auto, (max-width: 450px) 100vw, 450px\" \/><\/figure><\/div>\n\n\n\n<p><\/p>\n\n\n\n<p>Sie k\u00f6nnen das LernpatenProjekt nat\u00fcrlich auch finanziell durch eine Spende auf ein Konto der KoblenzerB\u00fcrgerStiftung unterst\u00fctzen! Wenn Sie den Hinweis \u201eLernpatenprojekt\u201c erg\u00e4nzen, kommt Ihr Geld diesem Projekt in voller H\u00f6he zugute.<\/p>\n","protected":false},"excerpt":{"rendered":"<p>KEINE ZEIT? Sie haben im Moment keine Zeit sich ehrenamtlich zu bet\u00e4tigen, m\u00f6chten aber dennoch das LernpatenProjekt unterst\u00fctzen? Sie k\u00f6nnen das LernpatenProjekt nat\u00fcrlich auch finanziell durch eine Spende auf ein Konto der KoblenzerB\u00fcrgerStiftung unterst\u00fctzen! Wenn Sie den Hinweis \u201eLernpatenprojekt\u201c erg\u00e4nzen, kommt Ihr Geld diesem Projekt in voller H\u00f6he zugute.<\/p>\n","protected":false},"author":2,"featured_media":0,"parent":0,"menu_order":0,"comment_status":"closed","ping_status":"closed","template":"","meta":{"advanced_seo_description":"","jetpack_seo_html_title":"","jetpack_seo_noindex":false,"footnotes":""},"class_list":["post-54","page","type-page","status-publish","hentry"],"jetpack_sharing_enabled":true,"_links":{"self":[{"href":"https:\/\/www.koblenzerbuergerstiftung.de\/KBS2021\/wp-json\/wp\/v2\/pages\/54","targetHints":{"allow":["GET"]}}],"collection":[{"href":"https:\/\/www.koblenzerbuergerstiftung.de\/KBS2021\/wp-json\/wp\/v2\/pages"}],"about":[{"href":"https:\/\/www.koblenzerbuergerstiftung.de\/KBS2021\/wp-json\/wp\/v2\/types\/page"}],"author":[{"embeddable":true,"href":"https:\/\/www.koblenzerbuergerstiftung.de\/KBS2021\/wp-json\/wp\/v2\/users\/2"}],"replies":[{"embeddable":true,"href":"https:\/\/www.koblenzerbuergerstiftung.de\/KBS2021\/wp-json\/wp\/v2\/comments?post=54"}],"version-history":[{"count":0,"href":"https:\/\/www.koblenzerbuergerstiftung.de\/KBS2021\/wp-json\/wp\/v2\/pages\/54\/revisions"}],"wp:attachment":[{"href":"https:\/\/www.koblenzerbuergerstiftung.de\/KBS2021\/wp-json\/wp\/v2\/media?parent=54"}],"curies":[{"name":"wp","href":"https:\/\/api.w.org\/{rel}","templated":true}]}}