{"id":52,"date":"2021-05-26T19:31:16","date_gmt":"2021-05-26T17:31:16","guid":{"rendered":"https:\/\/www.koblenzerbuergerstiftung.de\/KBS2021\/?page_id=52"},"modified":"2025-06-16T11:34:58","modified_gmt":"2025-06-16T09:34:58","slug":"gremien","status":"publish","type":"page","link":"https:\/\/www.koblenzerbuergerstiftung.de\/KBS2021\/gremien\/","title":{"rendered":"Gremien"},"content":{"rendered":"\n<h3 class=\"wp-block-heading\">Vorstand &amp; Gesch\u00e4ftsf\u00fchrung<\/h3>\n\n\n\n<p>Detlev Pilger (Vorstandsvorsitzender),&nbsp;<br>Katja Gr\u00e4f (Anlagenstrategie), Rolf Hennequin (Finanzen), Renate Itschert-Fuchs (stellv. Vorstandsvorsitzende &amp; Talentf\u00f6rderung), Frank Schnurr (F\u00f6rderantr\u00e4ge) und Oberb\u00fcrgermeister David Langner<br>Gesch\u00e4ftsf\u00fchrerin: Kathleen Benekenstein<\/p>\n\n\n<div class=\"wp-block-image is-style-default\">\n<figure class=\"aligncenter size-large is-resized\"><img loading=\"lazy\" decoding=\"async\" width=\"1024\" height=\"907\" src=\"https:\/\/www.koblenzerbuergerstiftung.de\/KBS2021\/wp-content\/uploads\/Vorstand-2024-Dummy-2-1024x907.jpg\" alt=\"\" class=\"wp-image-769\" style=\"width:497px;height:auto\" srcset=\"https:\/\/www.koblenzerbuergerstiftung.de\/KBS2021\/wp-content\/uploads\/Vorstand-2024-Dummy-2-1024x907.jpg 1024w, https:\/\/www.koblenzerbuergerstiftung.de\/KBS2021\/wp-content\/uploads\/Vorstand-2024-Dummy-2-300x266.jpg 300w, https:\/\/www.koblenzerbuergerstiftung.de\/KBS2021\/wp-content\/uploads\/Vorstand-2024-Dummy-2-768x680.jpg 768w, https:\/\/www.koblenzerbuergerstiftung.de\/KBS2021\/wp-content\/uploads\/Vorstand-2024-Dummy-2-1536x1360.jpg 1536w, https:\/\/www.koblenzerbuergerstiftung.de\/KBS2021\/wp-content\/uploads\/Vorstand-2024-Dummy-2-2048x1813.jpg 2048w\" sizes=\"auto, (max-width: 1024px) 100vw, 1024px\" \/><\/figure>\n<\/div>\n\n\n<p>v.l.n.r: Rolf Hennequin, Frank Schnurr, OB David Langner, Katja Gr\u00e4f, Renate Itschert-Fuchs, Kathleen Benekenstein, Detlev Pilger<\/p>\n\n\n\n<h3 class=\"wp-block-heading\">Der Stiftungsrat<\/h3>\n\n\n\n<p>Ein Stiftungsrat wacht insbesondere \u00fcber die dauernde und nachhaltige Verwirklichung des Stiftungszwecks. Der Stiftungsrat kann deshalb vom Vorstand jederzeit Einsicht in alle Gesch\u00e4ftsunterlagen der Stiftung verlangen. Er wird au\u00dferdem regelm\u00e4\u00dfig, also mindestens einmal pro Halbjahr \u00fcber die Aktivit\u00e4ten der Stiftung und ihre Einnahmen bzw. Ausgaben unterrichtet.<\/p>\n\n\n\n<p>Dem Stiftungsrat geh\u00f6ren derzeit folgende Personen an:<\/p>\n\n\n\n<p><em>Vorstand: <\/em><br><em>Andreas Kimmel<\/em> (Vorsitzender), <em>Dr. Margit Theis-Scholz<\/em> (Stellv. Vorsitzende)<\/p>\n\n\n\n<p><em>Mitglieder:&nbsp;Carl-G\u00fcnther Benninghoven,&nbsp;Werner Birkenheier<\/em>, <em>Brigitte Bollinger-Wechsler, Gisela und Hans G\u00fcnther,  Andreas Kimmel, Ilse Klosse, Detlef Knopp, Nicole Kuprian, Marc Lichtenth\u00e4ler<\/em>, Rainer Linnig, <em>Walter M\u00fcller, Sigrid N\u00f6rtersheuser,  Wolf-R\u00fcdiger Pauls, Harald Pohl,&nbsp;Dr. Margit Theis-Scholz<\/em>, <em>Dr. Fritz Vogt, Joachim Zeutzheim<\/em><\/p>\n\n\n\n<p><\/p>\n\n\n\n<p><\/p>\n","protected":false},"excerpt":{"rendered":"<p>Vorstand &amp; Gesch\u00e4ftsf\u00fchrung Detlev Pilger (Vorstandsvorsitzender),&nbsp;Katja Gr\u00e4f (Anlagenstrategie), Rolf Hennequin (Finanzen), Renate Itschert-Fuchs (stellv. Vorstandsvorsitzende &amp; Talentf\u00f6rderung), Frank Schnurr (F\u00f6rderantr\u00e4ge) und Oberb\u00fcrgermeister David LangnerGesch\u00e4ftsf\u00fchrerin: Kathleen Benekenstein v.l.n.r: Rolf Hennequin, Frank Schnurr, OB David Langner, Katja Gr\u00e4f, Renate Itschert-Fuchs, Kathleen Benekenstein, Detlev Pilger Der Stiftungsrat Ein Stiftungsrat wacht insbesondere \u00fcber die dauernde und nachhaltige Verwirklichung des &hellip; <a href=\"https:\/\/www.koblenzerbuergerstiftung.de\/KBS2021\/gremien\/\" class=\"more-link\"><span class=\"screen-reader-text\">Gremien<\/span> weiterlesen <span class=\"meta-nav\">&rarr;<\/span><\/a><\/p>\n","protected":false},"author":2,"featured_media":0,"parent":0,"menu_order":0,"comment_status":"closed","ping_status":"closed","template":"","meta":{"advanced_seo_description":"","jetpack_seo_html_title":"","jetpack_seo_noindex":false,"footnotes":""},"class_list":["post-52","page","type-page","status-publish","hentry"],"jetpack_sharing_enabled":true,"_links":{"self":[{"href":"https:\/\/www.koblenzerbuergerstiftung.de\/KBS2021\/wp-json\/wp\/v2\/pages\/52","targetHints":{"allow":["GET"]}}],"collection":[{"href":"https:\/\/www.koblenzerbuergerstiftung.de\/KBS2021\/wp-json\/wp\/v2\/pages"}],"about":[{"href":"https:\/\/www.koblenzerbuergerstiftung.de\/KBS2021\/wp-json\/wp\/v2\/types\/page"}],"author":[{"embeddable":true,"href":"https:\/\/www.koblenzerbuergerstiftung.de\/KBS2021\/wp-json\/wp\/v2\/users\/2"}],"replies":[{"embeddable":true,"href":"https:\/\/www.koblenzerbuergerstiftung.de\/KBS2021\/wp-json\/wp\/v2\/comments?post=52"}],"version-history":[{"count":0,"href":"https:\/\/www.koblenzerbuergerstiftung.de\/KBS2021\/wp-json\/wp\/v2\/pages\/52\/revisions"}],"wp:attachment":[{"href":"https:\/\/www.koblenzerbuergerstiftung.de\/KBS2021\/wp-json\/wp\/v2\/media?parent=52"}],"curies":[{"name":"wp","href":"https:\/\/api.w.org\/{rel}","templated":true}]}}