{"id":40,"date":"2021-05-26T19:29:35","date_gmt":"2021-05-26T17:29:35","guid":{"rendered":"https:\/\/www.koblenzerbuergerstiftung.de\/KBS2021\/?page_id=40"},"modified":"2022-09-02T15:52:37","modified_gmt":"2022-09-02T13:52:37","slug":"engagement-und-kompetenznachweis","status":"publish","type":"page","link":"https:\/\/www.koblenzerbuergerstiftung.de\/KBS2021\/engagement-und-kompetenznachweis\/","title":{"rendered":"Engagement- und Kompetenznachweis"},"content":{"rendered":"\n<p>Qualifikationen und erworbene Kompetenzen in b\u00fcrgerschaftlichem Engagement und Ehrenamt k\u00f6nnen in einem Engagement- und Kompetenznachweis bescheinigt werden.<\/p>\n\n\n\n<p>Die Landesregierung Rheinland-Pfalz bietet B\u00fcrgerinnen und B\u00fcrgern, insbesondere Jugendlichen die M\u00f6glichkeit, neben schulischen und beruflichen Zeugnissen auch einen Nachweis \u00fcber freiwillig erbrachte Leistungen sowie im Engagement erworbene Kompetenzen bei ihrer Bewerbung um einen Ausbildungs-, Studien- oder Arbeitsplatz geltend zu machen.<\/p>\n\n\n<div class=\"wp-block-image is-style-default\">\n<figure class=\"alignright size-large\"><img loading=\"lazy\" decoding=\"async\" width=\"150\" height=\"150\" src=\"https:\/\/www.koblenzerbuergerstiftung.de\/KBS2021\/wp-content\/uploads\/2021\/06\/gearsinhead-01-150x150-1.png\" alt=\"\" class=\"wp-image-213\"\/><\/figure>\n<\/div>\n\n\n<p>Der Engagement- und Kompetenznachweis dokumentiert und zertifiziert ehrenamtliches Engagement und dient zur Anerkennung und W\u00fcrdigung freiwillig geleisteter T\u00e4tigkeit.<\/p>\n\n\n\n<p>Rheinland-pf\u00e4lzische B\u00fcrgerinnen und B\u00fcrger, die das 14. Lebensjahr vollendet haben, k\u00f6nnen den Engagement- und Kompetenznachweis von der Organisation erhalten, in der sie sich ehrenamtlich engagieren. Der Engagement- und Kompetenznachweis dokumentiert die Organisation, den Zeitraum, die Art und den Umfang des Engagements sowie die erworbenen F\u00e4higkeiten und Qualifikationen in \u00fcbersichtlicher Form und textlich detaillierter Erl\u00e4uterung.<\/p>\n\n\n\n<p>Die Initiative zur Ausstellung des Nachweises kann von der ehrenamtlich t\u00e4tigen Person selbst, von der Einrichtung (in der die ehrenamtliche Leistung erbracht wird) sowie dem Landkreis, der Stadt oder Gemeinde, in der die Person ehrenamtlich t\u00e4tig ist, ausgehen. F\u00fcr den Antrag an die Staatskanzlei ist ein Formvordruck vollst\u00e4ndig auszuf\u00fcllen und rechtsverbindlich durch die ehrenamtliche Einrichtung gegenzuzeichnen. Den Vordruck kann man \u00fcbers Internet unter\u00a0<a rel=\"noreferrer noopener\" href=\"http:\/\/www.wir-tun-was.de\/\" target=\"_blank\">www.wir-tun-was.de<\/a>\u00a0oder \u00fcber unsere Gesch\u00e4ftsstelle der Ehrenamts-Agentur unter Telefon 0261 \/ 201 78 78 beziehen. Die Einrichtung oder die Gesch\u00e4ftsstelle der Ehrenamts-Agentur schickt dann den ausgef\u00fcllten Kompetenznachweis zur Unterzeichnung an die Staatskanzlei in Mainz.<\/p>\n","protected":false},"excerpt":{"rendered":"<p>Qualifikationen und erworbene Kompetenzen in b\u00fcrgerschaftlichem Engagement und Ehrenamt k\u00f6nnen in einem Engagement- und Kompetenznachweis bescheinigt werden. Die Landesregierung Rheinland-Pfalz bietet B\u00fcrgerinnen und B\u00fcrgern, insbesondere Jugendlichen die M\u00f6glichkeit, neben schulischen und beruflichen Zeugnissen auch einen Nachweis \u00fcber freiwillig erbrachte Leistungen sowie im Engagement erworbene Kompetenzen bei ihrer Bewerbung um einen Ausbildungs-, Studien- oder Arbeitsplatz geltend &hellip; <a href=\"https:\/\/www.koblenzerbuergerstiftung.de\/KBS2021\/engagement-und-kompetenznachweis\/\" class=\"more-link\"><span class=\"screen-reader-text\">Engagement- und Kompetenznachweis<\/span> weiterlesen <span class=\"meta-nav\">&rarr;<\/span><\/a><\/p>\n","protected":false},"author":2,"featured_media":0,"parent":0,"menu_order":0,"comment_status":"closed","ping_status":"closed","template":"","meta":{"advanced_seo_description":"","jetpack_seo_html_title":"","jetpack_seo_noindex":false,"footnotes":""},"class_list":["post-40","page","type-page","status-publish","hentry"],"jetpack_sharing_enabled":true,"_links":{"self":[{"href":"https:\/\/www.koblenzerbuergerstiftung.de\/KBS2021\/wp-json\/wp\/v2\/pages\/40","targetHints":{"allow":["GET"]}}],"collection":[{"href":"https:\/\/www.koblenzerbuergerstiftung.de\/KBS2021\/wp-json\/wp\/v2\/pages"}],"about":[{"href":"https:\/\/www.koblenzerbuergerstiftung.de\/KBS2021\/wp-json\/wp\/v2\/types\/page"}],"author":[{"embeddable":true,"href":"https:\/\/www.koblenzerbuergerstiftung.de\/KBS2021\/wp-json\/wp\/v2\/users\/2"}],"replies":[{"embeddable":true,"href":"https:\/\/www.koblenzerbuergerstiftung.de\/KBS2021\/wp-json\/wp\/v2\/comments?post=40"}],"version-history":[{"count":0,"href":"https:\/\/www.koblenzerbuergerstiftung.de\/KBS2021\/wp-json\/wp\/v2\/pages\/40\/revisions"}],"wp:attachment":[{"href":"https:\/\/www.koblenzerbuergerstiftung.de\/KBS2021\/wp-json\/wp\/v2\/media?parent=40"}],"curies":[{"name":"wp","href":"https:\/\/api.w.org\/{rel}","templated":true}]}}