{"id":38,"date":"2021-05-26T19:29:06","date_gmt":"2021-05-26T17:29:06","guid":{"rendered":"https:\/\/www.koblenzerbuergerstiftung.de\/KBS2021\/?page_id=38"},"modified":"2021-06-06T16:46:53","modified_gmt":"2021-06-06T14:46:53","slug":"ehrenamtsagentur","status":"publish","type":"page","link":"https:\/\/www.koblenzerbuergerstiftung.de\/KBS2021\/ehrenamtsagentur\/","title":{"rendered":"Ehrenamtsagentur"},"content":{"rendered":"\n<div class=\"wp-block-image is-style-default\"><figure class=\"aligncenter size-large\"><img loading=\"lazy\" decoding=\"async\" width=\"300\" height=\"206\" src=\"https:\/\/www.koblenzerbuergerstiftung.de\/KBS2021\/wp-content\/uploads\/2021\/06\/ButtonEhrenamtsAgentur_300x225-e1489678144578.jpg\" alt=\"\" class=\"wp-image-210\"\/><\/figure><\/div>\n\n\n\n<h3 class=\"wp-block-heading\">Die Informations- und Beratungsstelle f\u00fcr das b\u00fcrgerschaftliche Engagement in Koblenz:<\/h3>\n\n\n\n<p>Die&nbsp;KoblenzerEhrenamtsAgentur&nbsp;ist eine wichtige unabh\u00e4ngige Institution mit hohem Kenntnisstand der regionalen Gegebenheiten. Daher ist sie der ideale Kooperationspartner f\u00fcr lokal ans\u00e4ssige Einrichtungen und gleichzeitig in der Lage, B\u00fcrger zur \u00dcbernahme gesellschaftlicher Verantwortung zu motivieren. Im Rahmen ihrer satzungsgem\u00e4\u00dfen Aufgabenstellung \u201eZeit stiften, Ideen stiften, Geld stiften\u201c f\u00f6rdert die KoblenzerB\u00fcrgerStiftung auch das b\u00fcrgerliche Engagement. Darum hat sie die Idee des Seniorenbeirates aufgegriffen und die KoblenzerEhrenamtsAgentur gegr\u00fcndet \u2013 die Servicestelle f\u00fcr Ehrenamtlichkeit. Die KoblenzerEhrenamtsAgentur ist Anlaufstelle und Vermittler zwischen Zeitstiftern und ehrenamtlich arbeitenden Einrichtungen in Koblenz. Hier geben wir Informationen \u00fcber T\u00e4tigkeitsprofile und Auskunftsstellen f\u00fcr schwierige Fragen rund um das Ehrenamt, kl\u00e4ren steuerliche und Versicherungsfragen und nennen kooperative Weiterbildungseinrichtungen.<\/p>\n\n\n\n<h4 class=\"wp-block-heading\">Wir alle sind mitverantwortlich f\u00fcr die Gesellschaft in der Stadt, in der wir leben!<\/h4>\n\n\n\n<p>Mehr Informationen gibts\u00a0<a href=\"https:\/\/www.koblenzerbuergerstiftung.de\/KBS2021\/ehrenamtsagentur\/\" data-type=\"page\" data-id=\"38\">hier<\/a>.<\/p>\n","protected":false},"excerpt":{"rendered":"<p>Die Informations- und Beratungsstelle f\u00fcr das b\u00fcrgerschaftliche Engagement in Koblenz: Die&nbsp;KoblenzerEhrenamtsAgentur&nbsp;ist eine wichtige unabh\u00e4ngige Institution mit hohem Kenntnisstand der regionalen Gegebenheiten. Daher ist sie der ideale Kooperationspartner f\u00fcr lokal ans\u00e4ssige Einrichtungen und gleichzeitig in der Lage, B\u00fcrger zur \u00dcbernahme gesellschaftlicher Verantwortung zu motivieren. Im Rahmen ihrer satzungsgem\u00e4\u00dfen Aufgabenstellung \u201eZeit stiften, Ideen stiften, Geld stiften\u201c f\u00f6rdert &hellip; <a href=\"https:\/\/www.koblenzerbuergerstiftung.de\/KBS2021\/ehrenamtsagentur\/\" class=\"more-link\"><span class=\"screen-reader-text\">Ehrenamtsagentur<\/span> weiterlesen <span class=\"meta-nav\">&rarr;<\/span><\/a><\/p>\n","protected":false},"author":2,"featured_media":0,"parent":0,"menu_order":0,"comment_status":"closed","ping_status":"closed","template":"","meta":{"advanced_seo_description":"","jetpack_seo_html_title":"","jetpack_seo_noindex":false,"footnotes":""},"class_list":["post-38","page","type-page","status-publish","hentry"],"jetpack_sharing_enabled":true,"_links":{"self":[{"href":"https:\/\/www.koblenzerbuergerstiftung.de\/KBS2021\/wp-json\/wp\/v2\/pages\/38","targetHints":{"allow":["GET"]}}],"collection":[{"href":"https:\/\/www.koblenzerbuergerstiftung.de\/KBS2021\/wp-json\/wp\/v2\/pages"}],"about":[{"href":"https:\/\/www.koblenzerbuergerstiftung.de\/KBS2021\/wp-json\/wp\/v2\/types\/page"}],"author":[{"embeddable":true,"href":"https:\/\/www.koblenzerbuergerstiftung.de\/KBS2021\/wp-json\/wp\/v2\/users\/2"}],"replies":[{"embeddable":true,"href":"https:\/\/www.koblenzerbuergerstiftung.de\/KBS2021\/wp-json\/wp\/v2\/comments?post=38"}],"version-history":[{"count":0,"href":"https:\/\/www.koblenzerbuergerstiftung.de\/KBS2021\/wp-json\/wp\/v2\/pages\/38\/revisions"}],"wp:attachment":[{"href":"https:\/\/www.koblenzerbuergerstiftung.de\/KBS2021\/wp-json\/wp\/v2\/media?parent=38"}],"curies":[{"name":"wp","href":"https:\/\/api.w.org\/{rel}","templated":true}]}}