{"id":28,"date":"2021-05-26T19:26:15","date_gmt":"2021-05-26T17:26:15","guid":{"rendered":"https:\/\/www.koblenzerbuergerstiftung.de\/KBS2021\/?page_id=28"},"modified":"2022-09-02T15:50:20","modified_gmt":"2022-09-02T13:50:20","slug":"impressum","status":"publish","type":"page","link":"https:\/\/www.koblenzerbuergerstiftung.de\/KBS2021\/impressum\/","title":{"rendered":"Impressum"},"content":{"rendered":"\n<p>Die KoblenzerB\u00fcrgerStiftung ist eine rechtsf\u00e4hige Stiftung b\u00fcrgerlichen Rechts, genehmigt seit dem 13. M\u00e4rz 2007.<\/p>\n\n\n\n<p>Adresse:<br>Detlev Pilger<br>Vorsitzender des Vorstandes<br>Thielenstra\u00dfe 13<br>56073 Koblenz<br>Telefon: 0261 \u2013 201 78 78E-Mail:\u00a0<a href=\"mailto:info@koblenzerbuergerstiftung.de\">info@koblenzerbuergerstiftung.de<\/a><\/p>\n\n\n\n<h3 class=\"wp-block-heading\">Allgemeiner Haftungsausschluss<\/h3>\n\n\n\n<p>Die KoblenzerB\u00fcrgerStiftung vermittelt nur Angebote und Nachfragen, ein Anspruch auf das Zustandekommen einer Vermittlung wird ausdr\u00fccklich ausgeschlossen.<\/p>\n\n\n\n<h3 class=\"wp-block-heading\">Inhaltliche Verantwortung<\/h3>\n\n\n\n<p>Das Angebot unter der Adresse www.koblenzerbuergerstiftung.de ist der offizielle Informationsservice der KoblenzerB\u00fcrgerStiftung im Internet. Die Inhalte k\u00f6nnen aus Beitr\u00e4gen der KoblenzerB\u00fcrgerStiftung selbst oder eines der Kooperationspartner oder von Dritten entstehen. Die Urheberschaft der Inhalte ist jeweils gekennzeichnet. Die redaktionelle Verantwortung f\u00fcr die eigenen Inhalte liegt \u2013 soweit nicht anders angegeben \u2013 bei der KoblenzerB\u00fcrgerStiftung, Gesch\u00e4ftsf\u00fchrung: Frau Kathleen Benekenstein.<br>Die redaktionelle Verantwortung f\u00fcr fremde Inhalte liegt beim jeweiligen Anbieter. Es besteht zudem Haftungsausschluss f\u00fcr Inhalte Dritter, die \u00fcber Links in diesem Internetangebot erreicht werden k\u00f6nnen. Die KoblenzerB\u00fcrgerStiftung erkl\u00e4rt ausdr\u00fccklich, dass sie keinerlei Einfluss auf die Gestaltung und die Inhalte der angelinkten Seiten haben. Deshalb distanzieren sie sich hiermit ausdr\u00fccklich von allen Inhalten jeder angelinkten Seite und machen sich deren Inhalte nicht zu Eigen. Diese Erkl\u00e4rung gilt f\u00fcr alle angezeigten externen Links und f\u00fcr alle Inhalte fremder Seiten, zu denen sichtbare Banner, Buttons und sonstige Verweise f\u00fchren. Trotz sorgf\u00e4ltiger Recherchen kann es vorkommen, dass ein World Wide Web-Dienst oder eine Seite unzutreffende Daten oder Links enth\u00e4lt. F\u00fcr die Aktualit\u00e4t und Richtigkeit aller Angaben werden deshalb keine Gew\u00e4hr und keine Haftung \u00fcbernommen.<\/p>\n\n\n\n<h3 class=\"wp-block-heading\">Urheberrechte<\/h3>\n\n\n\n<p>Der Inhalt der Website ist urheberrechtlich gesch\u00fctzt. Deshalb bedarf die Vervielf\u00e4ltigung von Informationen oder Daten, insbesondere die Verwendung von Texten, von Textteilen oder Bildmaterial der vorherigen Zustimmung des jeweiligen Urhebers. Jede anderweitige Reproduktion oder Anzeige innerhalb fremder Frames ist ohne schriftliche Genehmigung untersagt. S\u00e4mtliche Informationen, Daten, und deren Nutzung sowie s\u00e4mtliches mit der Website www.koblenzerbuergerstiftung.de zusammenh\u00e4ngendes Tun, Dulden oder Unterlassen unterliegen ausschlie\u00dflich deutschem Recht. Erf\u00fcllungsort und ausschlie\u00dflicher Gerichtsstand ist Koblenz.<\/p>\n\n\n\n<h3 class=\"wp-block-heading\">Datenschutz<\/h3>\n\n\n\n<p>Es wird darauf hingewiesen, dass personenbezogene Daten ausschlie\u00dflich nur nach den geltenden datenschutzrechtlichen Bestimmungen verarbeitet und genutzt werden. Ein Verkauf von Adressen an Dritte findet nicht statt. Zu beachten ist auch, dass die \u00dcbermittlung von unverschl\u00fcsselten Informationen im Internet nicht v\u00f6llig sicher ist. Es kann daher nicht ausgeschlossen werden, dass Dritte die \u00fcbermittelten Daten abfangen oder ver\u00e4ndern. Daher sollten Informationen und Daten, die besondere Vertraulichkeit erfordern, nur auf sicheren Kommunikationswegen \u00fcbermittelt werden.<\/p>\n","protected":false},"excerpt":{"rendered":"<p>Die KoblenzerB\u00fcrgerStiftung ist eine rechtsf\u00e4hige Stiftung b\u00fcrgerlichen Rechts, genehmigt seit dem 13. M\u00e4rz 2007. Adresse:Detlev PilgerVorsitzender des VorstandesThielenstra\u00dfe 1356073 KoblenzTelefon: 0261 \u2013 201 78 78E-Mail:\u00a0info@koblenzerbuergerstiftung.de Allgemeiner Haftungsausschluss Die KoblenzerB\u00fcrgerStiftung vermittelt nur Angebote und Nachfragen, ein Anspruch auf das Zustandekommen einer Vermittlung wird ausdr\u00fccklich ausgeschlossen. Inhaltliche Verantwortung Das Angebot unter der Adresse www.koblenzerbuergerstiftung.de ist der offizielle &hellip; <a href=\"https:\/\/www.koblenzerbuergerstiftung.de\/KBS2021\/impressum\/\" class=\"more-link\"><span class=\"screen-reader-text\">Impressum<\/span> weiterlesen <span class=\"meta-nav\">&rarr;<\/span><\/a><\/p>\n","protected":false},"author":2,"featured_media":0,"parent":0,"menu_order":0,"comment_status":"closed","ping_status":"closed","template":"","meta":{"advanced_seo_description":"","jetpack_seo_html_title":"","jetpack_seo_noindex":false,"footnotes":""},"class_list":["post-28","page","type-page","status-publish","hentry"],"jetpack_sharing_enabled":true,"_links":{"self":[{"href":"https:\/\/www.koblenzerbuergerstiftung.de\/KBS2021\/wp-json\/wp\/v2\/pages\/28","targetHints":{"allow":["GET"]}}],"collection":[{"href":"https:\/\/www.koblenzerbuergerstiftung.de\/KBS2021\/wp-json\/wp\/v2\/pages"}],"about":[{"href":"https:\/\/www.koblenzerbuergerstiftung.de\/KBS2021\/wp-json\/wp\/v2\/types\/page"}],"author":[{"embeddable":true,"href":"https:\/\/www.koblenzerbuergerstiftung.de\/KBS2021\/wp-json\/wp\/v2\/users\/2"}],"replies":[{"embeddable":true,"href":"https:\/\/www.koblenzerbuergerstiftung.de\/KBS2021\/wp-json\/wp\/v2\/comments?post=28"}],"version-history":[{"count":0,"href":"https:\/\/www.koblenzerbuergerstiftung.de\/KBS2021\/wp-json\/wp\/v2\/pages\/28\/revisions"}],"wp:attachment":[{"href":"https:\/\/www.koblenzerbuergerstiftung.de\/KBS2021\/wp-json\/wp\/v2\/media?parent=28"}],"curies":[{"name":"wp","href":"https:\/\/api.w.org\/{rel}","templated":true}]}}