{"id":136,"date":"2021-05-31T09:09:45","date_gmt":"2021-05-31T07:09:45","guid":{"rendered":"https:\/\/www.koblenzerbuergerstiftung.de\/KBS2021\/?page_id=136"},"modified":"2021-06-06T17:05:35","modified_gmt":"2021-06-06T15:05:35","slug":"versicherungsschutz","status":"publish","type":"page","link":"https:\/\/www.koblenzerbuergerstiftung.de\/KBS2021\/versicherungsschutz\/","title":{"rendered":"Versicherungsschutz"},"content":{"rendered":"\n<div class=\"wp-block-image is-style-default\"><figure class=\"alignright\"><img loading=\"lazy\" decoding=\"async\" width=\"150\" height=\"150\" src=\"https:\/\/www.koblenzerbuergerstiftung.de\/KBS2021\/wp-content\/uploads\/2021\/06\/home-01-150x150-1.png\" alt=\"\" class=\"wp-image-295\"\/><\/figure><\/div>\n\n\n\n<ol class=\"wp-block-list\"><li>Ehrenamtlich T\u00e4tige erhalten Versicherungsschutz sowohl \u00fcber das Land Rheinland-Pfalz (Unfallschutz durch einen Rahmenvertrag) als auch \u00fcber die Institution bzw. Einrichtung (Haftpflichtschutz), f\u00fcr die sie t\u00e4tig sind.<\/li><li>In der Regel sind ehrenamtliche T\u00e4tigkeiten \u00fcber die private Haftpflicht- und Unfallversicherung abgesichert. <\/li><li>Dies gilt f\u00fcr die private Haftpflichtversicherung nur, wenn keine verantwortliche\u00a0T\u00e4tigkeit ausge\u00fcbt wird. Sicherheitshalber sollte der Mitarbeiter den Schutz bei seiner privaten Haftpflicht- und Unfall- Versicherung per Anfrage abkl\u00e4ren. Unbeschadet ob privater Versicherungsschutz oder nicht besteht, bietet aber auch das Land Rheinland-Pfalz Versicherungsschutz:<\/li><li>Ab Januar 2004 sind ehrenamtlich t\u00e4tige Menschen in Rheinland-Pfalz \u00fcber das Land unfall- und haftpflichtversichert. Die Unfall- beziehungsweise die Haftpflichtversicherung gilt nach Angaben der Staatskanzlei f\u00fcr alle ehrenamtlich T\u00e4tigen in rechtlich unselbstst\u00e4ndigen Vereinigungen, die ihre Aufgabe in Rheinland-Pfalz aus\u00fcben oder deren Engagement von Rheinland-Pfalz ausgeht. Die Versicherung greift allerdings nur dann, wenn kein anderweitiger gesetzlicher oder privater Versicherungsschutz besteht, der das jeweilige Risiko absichert. Jedem Ehrenamtler wird empfohlen, sich von seiner privaten Haftpflichtversicherung vorsorglich schriftlich best\u00e4tigen zu lassen, dass f\u00fcr seine ehrenamtliche T\u00e4tigkeit Haftpflicht-Versicherungsschutz besteht.<\/li><li>Die Leistung der gesetzlichen Unfallversicherung bel\u00e4uft sich auf bis zu 175.000 Euro, die der Haftpflichtversicherung des Landes auf zwei Millionen Euro f\u00fcr Personen- oder Sachsch\u00e4den sowie auf 100.000 Euro bei Verm\u00f6gens-Dritt-Sch\u00e4den. Der Selbstbehalt betr\u00e4gt 50 Euro.<\/li><li>Mit dem Vertragsabschluss soll insbesondere den vielen kleinen Gruppen, Projekten und Initiativen im Land geholfen werden, f\u00fcr die der Abschluss einer Versicherung finanziell oft nicht m\u00f6glich ist. Die Landesregierung will auf diese Weise die Rahmenbedingungen f\u00fcr Ehrenamt und Engagement weiter verbessern und damit das erfreuliche b\u00fcrgerschaftliche Engagement unterst\u00fctzen.<\/li><li>In Rheinland-Pfalz engagieren sich Tag f\u00fcr Tag Hunderttausende Menschen ehrenamtlich. Mittlerweile sind durch die 1999 ins Leben gerufene Initiative \u201e<a rel=\"noreferrer noopener\" href=\"http:\/\/www.wir-tun-was.de\/\" target=\"_blank\">wir-tun-was.de<\/a>\u201c rund 12 000 Vereine, Gruppen und Initiativen in ein gemeinsames Kommunikations- und Arbeitsnetzwerk im Internet eingebunden.<\/li><li>Den bisher sehr strengen Haftungsma\u00dfstab hat der Gesetzgeber durch das \u201eGesetz zur Begrenzung der Haftung von ehrenamtlichen Vereinsvorst\u00e4nden\u201c vom 3.7.2009 mit Einf\u00fchrung einer gesetzlichen Haftungserleichterung in \u00a7 31 a BGB n.F. entsch\u00e4rft. Danach gilt: Vorst\u00e4nde von Vereinen und Stiftungen, die unentgeltlich oder nur mit einer Aufwandsentsch\u00e4digung von max. 500,\u2013 Euro pro Jahr erhalten, haften f\u00fcr einen in Wahrnehmung ihrer Vorstandspflichten verursachten Schaden nur im Falle bei Vorliegen von Vorsatz und grober Fahrl\u00e4ssigkeit.<\/li><\/ol>\n","protected":false},"excerpt":{"rendered":"<p>Ehrenamtlich T\u00e4tige erhalten Versicherungsschutz sowohl \u00fcber das Land Rheinland-Pfalz (Unfallschutz durch einen Rahmenvertrag) als auch \u00fcber die Institution bzw. Einrichtung (Haftpflichtschutz), f\u00fcr die sie t\u00e4tig sind. In der Regel sind ehrenamtliche T\u00e4tigkeiten \u00fcber die private Haftpflicht- und Unfallversicherung abgesichert. Dies gilt f\u00fcr die private Haftpflichtversicherung nur, wenn keine verantwortliche\u00a0T\u00e4tigkeit ausge\u00fcbt wird. Sicherheitshalber sollte der Mitarbeiter &hellip; <a href=\"https:\/\/www.koblenzerbuergerstiftung.de\/KBS2021\/versicherungsschutz\/\" class=\"more-link\"><span class=\"screen-reader-text\">Versicherungsschutz<\/span> weiterlesen <span class=\"meta-nav\">&rarr;<\/span><\/a><\/p>\n","protected":false},"author":2,"featured_media":0,"parent":0,"menu_order":0,"comment_status":"closed","ping_status":"closed","template":"","meta":{"advanced_seo_description":"","jetpack_seo_html_title":"","jetpack_seo_noindex":false,"footnotes":""},"class_list":["post-136","page","type-page","status-publish","hentry"],"jetpack_sharing_enabled":true,"_links":{"self":[{"href":"https:\/\/www.koblenzerbuergerstiftung.de\/KBS2021\/wp-json\/wp\/v2\/pages\/136","targetHints":{"allow":["GET"]}}],"collection":[{"href":"https:\/\/www.koblenzerbuergerstiftung.de\/KBS2021\/wp-json\/wp\/v2\/pages"}],"about":[{"href":"https:\/\/www.koblenzerbuergerstiftung.de\/KBS2021\/wp-json\/wp\/v2\/types\/page"}],"author":[{"embeddable":true,"href":"https:\/\/www.koblenzerbuergerstiftung.de\/KBS2021\/wp-json\/wp\/v2\/users\/2"}],"replies":[{"embeddable":true,"href":"https:\/\/www.koblenzerbuergerstiftung.de\/KBS2021\/wp-json\/wp\/v2\/comments?post=136"}],"version-history":[{"count":0,"href":"https:\/\/www.koblenzerbuergerstiftung.de\/KBS2021\/wp-json\/wp\/v2\/pages\/136\/revisions"}],"wp:attachment":[{"href":"https:\/\/www.koblenzerbuergerstiftung.de\/KBS2021\/wp-json\/wp\/v2\/media?parent=136"}],"curies":[{"name":"wp","href":"https:\/\/api.w.org\/{rel}","templated":true}]}}