{"id":134,"date":"2021-05-31T09:09:31","date_gmt":"2021-05-31T07:09:31","guid":{"rendered":"https:\/\/www.koblenzerbuergerstiftung.de\/KBS2021\/?page_id=134"},"modified":"2021-06-06T12:33:28","modified_gmt":"2021-06-06T10:33:28","slug":"steuerrechtliche-hinweise","status":"publish","type":"page","link":"https:\/\/www.koblenzerbuergerstiftung.de\/KBS2021\/steuerrechtliche-hinweise\/","title":{"rendered":"Steuerrechtliche Hinweise"},"content":{"rendered":"\n<h1 class=\"wp-block-heading\">Steuerrechtliche Hinweise<\/h1>\n\n\n\n<p>Der Bundesrat verabschiedete am 1. M\u00e4rz 2013 das Gesetzesvorhaben zur St\u00e4rkung des Ehrenamts. Laut diesem Gesetz&nbsp; profitieren ab diesem Jahr Vereine, deren \u00dcbungsleiter und ehrenamtliche Helfer von den verbesserten steuerlichen Rahmenbedingungen.<\/p>\n\n\n\n<div class=\"wp-block-image is-style-default\"><figure class=\"alignleft size-large\"><img loading=\"lazy\" decoding=\"async\" width=\"150\" height=\"150\" src=\"https:\/\/www.koblenzerbuergerstiftung.de\/KBS2021\/wp-content\/uploads\/2021\/06\/currency-01-150x150-1.png\" alt=\"\" class=\"wp-image-272\"\/><\/figure><\/div>\n\n\n\n<p>Diese Neuerung kommt nicht nur den Ehrenamtlern zugute, sondern f\u00fchrt auch zur Entlastung der Lohnkosten in den Vereinen: Der pers\u00f6nliche Steuerfreibetrag (\u00dcbungsleiterpauschale) hat sich von 2.100 Euro auf 2.400 Euro erh\u00f6ht. Davon betroffen sind Sporttrainer, Ausbilder im k\u00fcnstlerischen oder musischen Bereich und bei sozialen oder kirchlichen Tr\u00e4gern besch\u00e4ftigte Helfer, die jetzt 300 Euro mehr pro Jahr im gemeinn\u00fctzigen Bereich verdienen d\u00fcrfen, ohne daf\u00fcr Steuern und Sozialabgaben zahlen zu m\u00fcssen.<\/p>\n\n\n\n<p>Zus\u00e4tzlich wurde der Ehrenamtsfreibetrag angehoben, der f\u00fcr sehr viele andere Vereinshelfer infrage kommt: Wer im steuerbeg\u00fcnstigten Bereich eines Vereins mitarbeitet, beispielsweise als Sanit\u00e4ter, Schiedsrichter, Platzwart oder nebenberuflicher Mitarbeiter in der Gesch\u00e4ftsstelle des Vereins, f\u00fcr den ist die Verg\u00fctung bzw. Entsch\u00e4digung&nbsp; bis zu 720 Euro pro Jahr steuer- und sozialabgabenfrei.<\/p>\n\n\n\n<p>Wer Bezieher von Sozialleistungen und staatlichen F\u00f6rderungen ist, kann jetzt bis zu 200 Euro pro Monat durch Mitarbeit bei Vereinen oder Verb\u00e4nden hinzuverdienen, ohne dass dieses Zusatzeinkommen zu einer Leistungsk\u00fcrzung f\u00fchrt.<\/p>\n","protected":false},"excerpt":{"rendered":"<p>Steuerrechtliche Hinweise Der Bundesrat verabschiedete am 1. M\u00e4rz 2013 das Gesetzesvorhaben zur St\u00e4rkung des Ehrenamts. Laut diesem Gesetz&nbsp; profitieren ab diesem Jahr Vereine, deren \u00dcbungsleiter und ehrenamtliche Helfer von den verbesserten steuerlichen Rahmenbedingungen. Diese Neuerung kommt nicht nur den Ehrenamtlern zugute, sondern f\u00fchrt auch zur Entlastung der Lohnkosten in den Vereinen: Der pers\u00f6nliche Steuerfreibetrag (\u00dcbungsleiterpauschale) &hellip; <a href=\"https:\/\/www.koblenzerbuergerstiftung.de\/KBS2021\/steuerrechtliche-hinweise\/\" class=\"more-link\"><span class=\"screen-reader-text\">Steuerrechtliche Hinweise<\/span> weiterlesen <span class=\"meta-nav\">&rarr;<\/span><\/a><\/p>\n","protected":false},"author":2,"featured_media":0,"parent":0,"menu_order":0,"comment_status":"closed","ping_status":"closed","template":"","meta":{"advanced_seo_description":"","jetpack_seo_html_title":"","jetpack_seo_noindex":false,"footnotes":""},"class_list":["post-134","page","type-page","status-publish","hentry"],"jetpack_sharing_enabled":true,"_links":{"self":[{"href":"https:\/\/www.koblenzerbuergerstiftung.de\/KBS2021\/wp-json\/wp\/v2\/pages\/134","targetHints":{"allow":["GET"]}}],"collection":[{"href":"https:\/\/www.koblenzerbuergerstiftung.de\/KBS2021\/wp-json\/wp\/v2\/pages"}],"about":[{"href":"https:\/\/www.koblenzerbuergerstiftung.de\/KBS2021\/wp-json\/wp\/v2\/types\/page"}],"author":[{"embeddable":true,"href":"https:\/\/www.koblenzerbuergerstiftung.de\/KBS2021\/wp-json\/wp\/v2\/users\/2"}],"replies":[{"embeddable":true,"href":"https:\/\/www.koblenzerbuergerstiftung.de\/KBS2021\/wp-json\/wp\/v2\/comments?post=134"}],"version-history":[{"count":0,"href":"https:\/\/www.koblenzerbuergerstiftung.de\/KBS2021\/wp-json\/wp\/v2\/pages\/134\/revisions"}],"wp:attachment":[{"href":"https:\/\/www.koblenzerbuergerstiftung.de\/KBS2021\/wp-json\/wp\/v2\/media?parent=134"}],"curies":[{"name":"wp","href":"https:\/\/api.w.org\/{rel}","templated":true}]}}