{"id":122,"date":"2021-05-31T09:06:46","date_gmt":"2021-05-31T07:06:46","guid":{"rendered":"https:\/\/www.koblenzerbuergerstiftung.de\/KBS2021\/?page_id=122"},"modified":"2022-09-02T15:49:20","modified_gmt":"2022-09-02T13:49:20","slug":"unser-team","status":"publish","type":"page","link":"https:\/\/www.koblenzerbuergerstiftung.de\/KBS2021\/unser-team\/","title":{"rendered":"Unser Team"},"content":{"rendered":"\n<p>Seit 2007 wird die KoblenzerEhrenamtsAgentur als eigenes operatives Projekt der KoblenzerB\u00fcrgerStiftung betrieben. Unser Ziel ist es, f\u00fcr das Ehrenamt zu werben, zu informieren und f\u00fcr die Organisationen und Einrichtungen, die mit ehrenamtlichen Mitarbeiter\/innen arbeiten, weitere ehrenamtliche Helfer zu gewinnen.<\/p>\n\n\n\n<p>Unser Team steht Ihnen von Montag bis Donnerstag (und nach Vereinbarung) von 9:00 Uhr bis 12:00 Uhr gern telefonisch oder pers\u00f6nlich zur Verf\u00fcgung.<\/p>\n\n\n<div class=\"wp-block-image is-style-default\">\n<figure class=\"aligncenter size-large\" id=\"attachment_1160\"><img loading=\"lazy\" decoding=\"async\" width=\"1024\" height=\"873\" src=\"https:\/\/www.koblenzerbuergerstiftung.de\/KBS2021\/wp-content\/uploads\/Team2022-1-1024x873.jpeg\" alt=\"\" class=\"wp-image-505\" srcset=\"https:\/\/www.koblenzerbuergerstiftung.de\/KBS2021\/wp-content\/uploads\/Team2022-1-1024x873.jpeg 1024w, https:\/\/www.koblenzerbuergerstiftung.de\/KBS2021\/wp-content\/uploads\/Team2022-1-300x256.jpeg 300w, https:\/\/www.koblenzerbuergerstiftung.de\/KBS2021\/wp-content\/uploads\/Team2022-1-768x655.jpeg 768w, https:\/\/www.koblenzerbuergerstiftung.de\/KBS2021\/wp-content\/uploads\/Team2022-1.jpeg 1280w\" sizes=\"auto, (max-width: 1024px) 100vw, 1024px\" \/><\/figure>\n<\/div>","protected":false},"excerpt":{"rendered":"<p>Seit 2007 wird die KoblenzerEhrenamtsAgentur als eigenes operatives Projekt der KoblenzerB\u00fcrgerStiftung betrieben. Unser Ziel ist es, f\u00fcr das Ehrenamt zu werben, zu informieren und f\u00fcr die Organisationen und Einrichtungen, die mit ehrenamtlichen Mitarbeiter\/innen arbeiten, weitere ehrenamtliche Helfer zu gewinnen. Unser Team steht Ihnen von Montag bis Donnerstag (und nach Vereinbarung) von 9:00 Uhr bis 12:00 &hellip; <a href=\"https:\/\/www.koblenzerbuergerstiftung.de\/KBS2021\/unser-team\/\" class=\"more-link\"><span class=\"screen-reader-text\">Unser Team<\/span> weiterlesen <span class=\"meta-nav\">&rarr;<\/span><\/a><\/p>\n","protected":false},"author":2,"featured_media":0,"parent":0,"menu_order":0,"comment_status":"closed","ping_status":"closed","template":"","meta":{"advanced_seo_description":"","jetpack_seo_html_title":"","jetpack_seo_noindex":false,"footnotes":""},"class_list":["post-122","page","type-page","status-publish","hentry"],"jetpack_sharing_enabled":true,"_links":{"self":[{"href":"https:\/\/www.koblenzerbuergerstiftung.de\/KBS2021\/wp-json\/wp\/v2\/pages\/122","targetHints":{"allow":["GET"]}}],"collection":[{"href":"https:\/\/www.koblenzerbuergerstiftung.de\/KBS2021\/wp-json\/wp\/v2\/pages"}],"about":[{"href":"https:\/\/www.koblenzerbuergerstiftung.de\/KBS2021\/wp-json\/wp\/v2\/types\/page"}],"author":[{"embeddable":true,"href":"https:\/\/www.koblenzerbuergerstiftung.de\/KBS2021\/wp-json\/wp\/v2\/users\/2"}],"replies":[{"embeddable":true,"href":"https:\/\/www.koblenzerbuergerstiftung.de\/KBS2021\/wp-json\/wp\/v2\/comments?post=122"}],"version-history":[{"count":0,"href":"https:\/\/www.koblenzerbuergerstiftung.de\/KBS2021\/wp-json\/wp\/v2\/pages\/122\/revisions"}],"wp:attachment":[{"href":"https:\/\/www.koblenzerbuergerstiftung.de\/KBS2021\/wp-json\/wp\/v2\/media?parent=122"}],"curies":[{"name":"wp","href":"https:\/\/api.w.org\/{rel}","templated":true}]}}