{"id":120,"date":"2021-05-31T09:06:18","date_gmt":"2021-05-31T07:06:18","guid":{"rendered":"https:\/\/www.koblenzerbuergerstiftung.de\/KBS2021\/?page_id=120"},"modified":"2021-06-06T12:48:44","modified_gmt":"2021-06-06T10:48:44","slug":"ueber-die-ehrenamtsagentur","status":"publish","type":"page","link":"https:\/\/www.koblenzerbuergerstiftung.de\/KBS2021\/ueber-die-ehrenamtsagentur\/","title":{"rendered":"\u00dcber die Ehrenamtsagentur"},"content":{"rendered":"\n<h1 class=\"wp-block-heading\">\u00dcber das Ehrenamt<\/h1>\n\n\n\n<p>Die KoblenzerEhrenamtsAgentur ist eine wichtige unabh\u00e4ngige Institution mit hohem Kenntnisstand der regionalen Gegebenheiten. Daher ist sie der ideale Kooperationspartner f\u00fcr lokal ans\u00e4ssige Einrichtungen. Gleichzeitig sind wir in der Lage, B\u00fcrger zur \u00dcbernahme gesellschaftlicher Verantwortung zu motivieren.<\/p>\n\n\n\n<p>Die KoblenzerEhrenamtsAgentur ist Anlaufstelle und Vermittler Ehrenamt zwischen Zeitstiftern und ehrenamtlich arbeitenden Einrichtungen in Koblenz. Hier geben wir Informationen \u00fcber T\u00e4tigkeitsprofile und Auskunftsstellen f\u00fcr schwierige Fragen rund um das Ehrenamt. Au\u00dferdem kl\u00e4ren wir steuerliche und Versicherungsfragen und nennen kooperative Weiterbildungseinrichtungen.<\/p>\n\n\n\n<div class=\"wp-block-image is-style-default\"><figure class=\"alignright size-large\"><img loading=\"lazy\" decoding=\"async\" width=\"300\" height=\"205\" src=\"https:\/\/www.koblenzerbuergerstiftung.de\/KBS2021\/wp-content\/uploads\/2021\/06\/Ehrenamt_Haende-300x205-1.jpg\" alt=\"\" class=\"wp-image-278\"\/><\/figure><\/div>\n\n\n\n<p><\/p>\n","protected":false},"excerpt":{"rendered":"<p>\u00dcber das Ehrenamt Die KoblenzerEhrenamtsAgentur ist eine wichtige unabh\u00e4ngige Institution mit hohem Kenntnisstand der regionalen Gegebenheiten. Daher ist sie der ideale Kooperationspartner f\u00fcr lokal ans\u00e4ssige Einrichtungen. Gleichzeitig sind wir in der Lage, B\u00fcrger zur \u00dcbernahme gesellschaftlicher Verantwortung zu motivieren. Die KoblenzerEhrenamtsAgentur ist Anlaufstelle und Vermittler Ehrenamt zwischen Zeitstiftern und ehrenamtlich arbeitenden Einrichtungen in Koblenz. Hier &hellip; <a href=\"https:\/\/www.koblenzerbuergerstiftung.de\/KBS2021\/ueber-die-ehrenamtsagentur\/\" class=\"more-link\"><span class=\"screen-reader-text\">\u00dcber die Ehrenamtsagentur<\/span> weiterlesen <span class=\"meta-nav\">&rarr;<\/span><\/a><\/p>\n","protected":false},"author":2,"featured_media":0,"parent":0,"menu_order":0,"comment_status":"closed","ping_status":"closed","template":"","meta":{"advanced_seo_description":"","jetpack_seo_html_title":"","jetpack_seo_noindex":false,"footnotes":""},"class_list":["post-120","page","type-page","status-publish","hentry"],"jetpack_sharing_enabled":true,"_links":{"self":[{"href":"https:\/\/www.koblenzerbuergerstiftung.de\/KBS2021\/wp-json\/wp\/v2\/pages\/120","targetHints":{"allow":["GET"]}}],"collection":[{"href":"https:\/\/www.koblenzerbuergerstiftung.de\/KBS2021\/wp-json\/wp\/v2\/pages"}],"about":[{"href":"https:\/\/www.koblenzerbuergerstiftung.de\/KBS2021\/wp-json\/wp\/v2\/types\/page"}],"author":[{"embeddable":true,"href":"https:\/\/www.koblenzerbuergerstiftung.de\/KBS2021\/wp-json\/wp\/v2\/users\/2"}],"replies":[{"embeddable":true,"href":"https:\/\/www.koblenzerbuergerstiftung.de\/KBS2021\/wp-json\/wp\/v2\/comments?post=120"}],"version-history":[{"count":0,"href":"https:\/\/www.koblenzerbuergerstiftung.de\/KBS2021\/wp-json\/wp\/v2\/pages\/120\/revisions"}],"wp:attachment":[{"href":"https:\/\/www.koblenzerbuergerstiftung.de\/KBS2021\/wp-json\/wp\/v2\/media?parent=120"}],"curies":[{"name":"wp","href":"https:\/\/api.w.org\/{rel}","templated":true}]}}