{"id":108,"date":"2021-05-31T09:00:39","date_gmt":"2021-05-31T07:00:39","guid":{"rendered":"https:\/\/www.koblenzerbuergerstiftung.de\/KBS2021\/?page_id=108"},"modified":"2021-06-06T12:57:39","modified_gmt":"2021-06-06T10:57:39","slug":"was-sind-lernpaten","status":"publish","type":"page","link":"https:\/\/www.koblenzerbuergerstiftung.de\/KBS2021\/was-sind-lernpaten\/","title":{"rendered":"Was sind lernpaten?"},"content":{"rendered":"\n<p>Die Lernpaten sollen ihren Patenkindern Orientierungshilfen und praktische Unterst\u00fctzung zukommen lassen. Die Kinder sollen damit die Chance bekommen, in ihren sozialen und emotionalen F\u00e4higkeiten zu \u201ewachsen\u201c. In diesem Sinne gilt es zun\u00e4chst ein Vertrauensverh\u00e4ltnis aufzubauen, das von gegenseitigem Respekt zwischen Lernpaten und Patenkind gepr\u00e4gt sein soll. Soweit die Theorie.<\/p>\n\n\n\n<div class=\"wp-block-image is-style-default\"><figure class=\"alignleft size-large\"><img loading=\"lazy\" decoding=\"async\" width=\"300\" height=\"200\" src=\"https:\/\/www.koblenzerbuergerstiftung.de\/KBS2021\/wp-content\/uploads\/2021\/06\/Lernpaten-300x200-1.jpg\" alt=\"\" class=\"wp-image-299\"\/><\/figure><\/div>\n\n\n\n<p>In der Praxis nehmen die Lernpaten zun\u00e4chst am Unterricht teil, um die Klasse, die Lehrer und die Regeln des Klassenverbandes kennen zu lernen. Nach einer ersten Phase der Eingew\u00f6hnung findet die Betreuung auch allein mit dem Patenkind in einem separaten Raum in der Schule statt. Oft w\u00fcnscht sich das Kind, dass ihm bei der Nachbereitung oder Vertiefung des Unterrichtsstoffs geholfen wird. Es liegt dann am Lernpaten, die \u201eBr\u00fccke\u201c zum Kind zu bauen und dessen Interesse \u00fcber die schulischen Anforderungen hinaus auch auf andere Gebiete zu lenken. Dabei sind der Kreativit\u00e4t und den M\u00f6glichkeiten keine Grenzen gesetzt: gemeinsame Buchlekt\u00fcre, Basteln, Spiele aller Art, Gespr\u00e4che und vielleicht sogar einmal \u00fcber kleine Ausfl\u00fcge.<\/p>\n\n\n\n<p>Im \u00dcbrigen wird der Lernpateneinsatz vom Patenkind und seiner Klasse als Privileg empfunden und von beiden in der unbefangen herzlichen Art dieser Altersgruppe deutlich zum Ausdruck gebracht!<\/p>\n","protected":false},"excerpt":{"rendered":"<p>Die Lernpaten sollen ihren Patenkindern Orientierungshilfen und praktische Unterst\u00fctzung zukommen lassen. Die Kinder sollen damit die Chance bekommen, in ihren sozialen und emotionalen F\u00e4higkeiten zu \u201ewachsen\u201c. In diesem Sinne gilt es zun\u00e4chst ein Vertrauensverh\u00e4ltnis aufzubauen, das von gegenseitigem Respekt zwischen Lernpaten und Patenkind gepr\u00e4gt sein soll. Soweit die Theorie. In der Praxis nehmen die Lernpaten &hellip; <a href=\"https:\/\/www.koblenzerbuergerstiftung.de\/KBS2021\/was-sind-lernpaten\/\" class=\"more-link\"><span class=\"screen-reader-text\">Was sind lernpaten?<\/span> weiterlesen <span class=\"meta-nav\">&rarr;<\/span><\/a><\/p>\n","protected":false},"author":2,"featured_media":0,"parent":0,"menu_order":0,"comment_status":"closed","ping_status":"closed","template":"","meta":{"advanced_seo_description":"","jetpack_seo_html_title":"","jetpack_seo_noindex":false,"footnotes":""},"class_list":["post-108","page","type-page","status-publish","hentry"],"jetpack_sharing_enabled":true,"_links":{"self":[{"href":"https:\/\/www.koblenzerbuergerstiftung.de\/KBS2021\/wp-json\/wp\/v2\/pages\/108","targetHints":{"allow":["GET"]}}],"collection":[{"href":"https:\/\/www.koblenzerbuergerstiftung.de\/KBS2021\/wp-json\/wp\/v2\/pages"}],"about":[{"href":"https:\/\/www.koblenzerbuergerstiftung.de\/KBS2021\/wp-json\/wp\/v2\/types\/page"}],"author":[{"embeddable":true,"href":"https:\/\/www.koblenzerbuergerstiftung.de\/KBS2021\/wp-json\/wp\/v2\/users\/2"}],"replies":[{"embeddable":true,"href":"https:\/\/www.koblenzerbuergerstiftung.de\/KBS2021\/wp-json\/wp\/v2\/comments?post=108"}],"version-history":[{"count":0,"href":"https:\/\/www.koblenzerbuergerstiftung.de\/KBS2021\/wp-json\/wp\/v2\/pages\/108\/revisions"}],"wp:attachment":[{"href":"https:\/\/www.koblenzerbuergerstiftung.de\/KBS2021\/wp-json\/wp\/v2\/media?parent=108"}],"curies":[{"name":"wp","href":"https:\/\/api.w.org\/{rel}","templated":true}]}}