{"id":104,"date":"2021-05-31T08:59:48","date_gmt":"2021-05-31T06:59:48","guid":{"rendered":"https:\/\/www.koblenzerbuergerstiftung.de\/KBS2021\/?page_id=104"},"modified":"2021-06-06T12:32:15","modified_gmt":"2021-06-06T10:32:15","slug":"spendenstiften","status":"publish","type":"page","link":"https:\/\/www.koblenzerbuergerstiftung.de\/KBS2021\/spendenstiften\/","title":{"rendered":"SPENDEN&#038;STIFTEN"},"content":{"rendered":"\n<h1 class=\"wp-block-heading\">Mitstiften lohnt sich!<\/h1>\n\n\n\n<div class=\"wp-block-image is-style-default\"><figure class=\"alignleft size-large\"><img loading=\"lazy\" decoding=\"async\" width=\"150\" height=\"150\" src=\"https:\/\/www.koblenzerbuergerstiftung.de\/KBS2021\/wp-content\/uploads\/2021\/06\/chainlink-01-150x150-1.png\" alt=\"\" class=\"wp-image-270\"\/><\/figure><\/div>\n\n\n\n<p>Auch in Koblenz gibt es viele zur Zeit finanziell unerf\u00fcllte Anliegen. Wichtige soziale, kulturelle oder andere gemeinn\u00fctzige Anliegen&nbsp;k\u00f6nnten aber erfolgreich in Form einer Tr\u00e4gerschaft durch die KoblenzerB\u00fcrgerStiftung verwirklicht werden. Vor allen Dingen die Bew\u00e4ltigung der unvermeidbaren Anpassungen aufgrund des Bev\u00f6lkerungsr\u00fcckgangs und der neuen Altersstrukturen stellen eine sehr gro\u00dfe Herausforderung dar. Die \u00f6ffentliche Hand allein kann diese nicht mehr bew\u00e4ltigen. St\u00e4rke und Profil einer Region werden sich zuk\u00fcnftig auch \u00fcber die St\u00e4rke ihrer vor Ort ans\u00e4ssigen Stiftungen beweisen.<\/p>\n\n\n\n<p>Informieren Sie sich \u00fcber<\/p>\n\n\n\n<ul class=\"wp-block-list\"><li><a href=\"https:\/\/www.koblenzerbuergerstiftung.de\/KBS2021\/geld-stiften\/\" data-type=\"page\" data-id=\"50\">Geld\u00a0stiften<\/a><\/li><li><a href=\"https:\/\/www.koblenzerbuergerstiftung.de\/KBS2021\/zeit-stiften\/\" data-type=\"page\" data-id=\"130\">Zeit\u00a0stiften<\/a><\/li><li><a href=\"https:\/\/www.koblenzerbuergerstiftung.de\/KBS2021\/zukunft-stiften\/\" data-type=\"page\" data-id=\"132\">Zukunft\u00a0stiften<\/a><\/li><\/ul>\n","protected":false},"excerpt":{"rendered":"<p>Mitstiften lohnt sich! Auch in Koblenz gibt es viele zur Zeit finanziell unerf\u00fcllte Anliegen. Wichtige soziale, kulturelle oder andere gemeinn\u00fctzige Anliegen&nbsp;k\u00f6nnten aber erfolgreich in Form einer Tr\u00e4gerschaft durch die KoblenzerB\u00fcrgerStiftung verwirklicht werden. Vor allen Dingen die Bew\u00e4ltigung der unvermeidbaren Anpassungen aufgrund des Bev\u00f6lkerungsr\u00fcckgangs und der neuen Altersstrukturen stellen eine sehr gro\u00dfe Herausforderung dar. Die \u00f6ffentliche &hellip; <a href=\"https:\/\/www.koblenzerbuergerstiftung.de\/KBS2021\/spendenstiften\/\" class=\"more-link\"><span class=\"screen-reader-text\">SPENDEN&#038;STIFTEN<\/span> weiterlesen <span class=\"meta-nav\">&rarr;<\/span><\/a><\/p>\n","protected":false},"author":2,"featured_media":0,"parent":0,"menu_order":0,"comment_status":"closed","ping_status":"closed","template":"","meta":{"advanced_seo_description":"","jetpack_seo_html_title":"","jetpack_seo_noindex":false,"footnotes":""},"class_list":["post-104","page","type-page","status-publish","hentry"],"jetpack_sharing_enabled":true,"_links":{"self":[{"href":"https:\/\/www.koblenzerbuergerstiftung.de\/KBS2021\/wp-json\/wp\/v2\/pages\/104","targetHints":{"allow":["GET"]}}],"collection":[{"href":"https:\/\/www.koblenzerbuergerstiftung.de\/KBS2021\/wp-json\/wp\/v2\/pages"}],"about":[{"href":"https:\/\/www.koblenzerbuergerstiftung.de\/KBS2021\/wp-json\/wp\/v2\/types\/page"}],"author":[{"embeddable":true,"href":"https:\/\/www.koblenzerbuergerstiftung.de\/KBS2021\/wp-json\/wp\/v2\/users\/2"}],"replies":[{"embeddable":true,"href":"https:\/\/www.koblenzerbuergerstiftung.de\/KBS2021\/wp-json\/wp\/v2\/comments?post=104"}],"version-history":[{"count":0,"href":"https:\/\/www.koblenzerbuergerstiftung.de\/KBS2021\/wp-json\/wp\/v2\/pages\/104\/revisions"}],"wp:attachment":[{"href":"https:\/\/www.koblenzerbuergerstiftung.de\/KBS2021\/wp-json\/wp\/v2\/media?parent=104"}],"curies":[{"name":"wp","href":"https:\/\/api.w.org\/{rel}","templated":true}]}}