{"id":102,"date":"2021-05-31T08:59:10","date_gmt":"2021-05-31T06:59:10","guid":{"rendered":"https:\/\/www.koblenzerbuergerstiftung.de\/KBS2021\/?page_id=102"},"modified":"2021-06-06T17:04:38","modified_gmt":"2021-06-06T15:04:38","slug":"ueber-uns","status":"publish","type":"page","link":"https:\/\/www.koblenzerbuergerstiftung.de\/KBS2021\/ueber-uns\/","title":{"rendered":"\u00dcBER UNS"},"content":{"rendered":"\n<h2 class=\"wp-block-heading\">Potenziale nutzen \u2013 Projekte unterst\u00fctzen<\/h2>\n\n\n\n<p>Koblenzer B\u00fcrgerinnen und B\u00fcrger kennen ihre Stadt,<br>ihre Potenziale, ihre Geschichte, ihre Kultur und ihre Notwendigkeiten. Die KoblenzerB\u00fcrgerStiftung unterst\u00fctzt Projekte aus allen Bereichen des st\u00e4dtischen Lebens, insbesondere in den Bereichen Soziales, Kultur, Jugend, Bildung oder Umwelt. Dies alles wird in Zukunft auch vor dem Hintergrund der Entwicklung der Generationen geschehen.<\/p>\n\n\n\n<h3 class=\"wp-block-heading\">Wir sind ein Teil von Koblenz<\/h3>\n\n\n\n<div class=\"wp-block-image is-style-default\"><figure class=\"aligncenter size-large is-resized\"><img decoding=\"async\" src=\"https:\/\/www.koblenzerbuergerstiftung.de\/KBS2021\/wp-content\/uploads\/2021\/06\/koblenz-deutsches-eck-rhein-mosel-seilbahn-mit-Regenbogen-672x372-1.jpg\" alt=\"\" class=\"wp-image-287\" width=\"350\" srcset=\"https:\/\/www.koblenzerbuergerstiftung.de\/KBS2021\/wp-content\/uploads\/2021\/06\/koblenz-deutsches-eck-rhein-mosel-seilbahn-mit-Regenbogen-672x372-1.jpg 672w, https:\/\/www.koblenzerbuergerstiftung.de\/KBS2021\/wp-content\/uploads\/2021\/06\/koblenz-deutsches-eck-rhein-mosel-seilbahn-mit-Regenbogen-672x372-1-300x166.jpg 300w\" sizes=\"(max-width: 672px) 100vw, 672px\" \/><\/figure><\/div>\n\n\n\n<p>Die KoblenzerB\u00fcrgerStiftung ist sich bewusst, dass sie nicht die einzige Institution in Koblenz ist, die B\u00fcrgerengagement repr\u00e4sentiert. Sie sieht sich als Teil der Vereine, Institutionen und&nbsp;Einrichtungen in dieser Stadt. Wichtiger Baustein dieser B\u00fcrgerinitiativen sind auch die bereits existierenden und die auch zuk\u00fcnftig weiter entstehenden Stiftungen in Koblenz. Die KoblenzerB\u00fcrgerStiftung m\u00f6chte sich in diese gro\u00dfe Idee der Stiftungen f\u00fcr diese Stadt einreihen. Sie m\u00f6chte gegen\u00fcber anderen Stiftungen nicht in Konkurrenz treten. Nur Partnerschaft schafft Partner, die sich respektieren und gegenseitig den Gemeinsinn pflegen. Die Stiftung bietet sich als besonderer Partner der bestehenden Stiftungen an.<\/p>\n\n\n\n<p>Die beste Idee l\u00e4sst sich nicht umsetzen, wenn das n\u00f6tige Geld fehlt. Stiftung hei\u00dft nicht nur Ideen und Zeit stiften, sondern auch aus Kapitalertr\u00e4gnissen Unterst\u00fctzung f\u00fcr Projekte finanzieren. Deshalb muss Kapital angesammelt werden, welches langfristig gesicherte Ertr\u00e4ge erbringt und so zu einer nachhaltigen T\u00e4tigkeit f\u00fchrt.<\/p>\n","protected":false},"excerpt":{"rendered":"<p>Potenziale nutzen \u2013 Projekte unterst\u00fctzen Koblenzer B\u00fcrgerinnen und B\u00fcrger kennen ihre Stadt,ihre Potenziale, ihre Geschichte, ihre Kultur und ihre Notwendigkeiten. Die KoblenzerB\u00fcrgerStiftung unterst\u00fctzt Projekte aus allen Bereichen des st\u00e4dtischen Lebens, insbesondere in den Bereichen Soziales, Kultur, Jugend, Bildung oder Umwelt. Dies alles wird in Zukunft auch vor dem Hintergrund der Entwicklung der Generationen geschehen. Wir &hellip; <a href=\"https:\/\/www.koblenzerbuergerstiftung.de\/KBS2021\/ueber-uns\/\" class=\"more-link\"><span class=\"screen-reader-text\">\u00dcBER UNS<\/span> weiterlesen <span class=\"meta-nav\">&rarr;<\/span><\/a><\/p>\n","protected":false},"author":2,"featured_media":0,"parent":0,"menu_order":0,"comment_status":"closed","ping_status":"closed","template":"","meta":{"advanced_seo_description":"","jetpack_seo_html_title":"","jetpack_seo_noindex":false,"footnotes":""},"class_list":["post-102","page","type-page","status-publish","hentry"],"jetpack_sharing_enabled":true,"_links":{"self":[{"href":"https:\/\/www.koblenzerbuergerstiftung.de\/KBS2021\/wp-json\/wp\/v2\/pages\/102","targetHints":{"allow":["GET"]}}],"collection":[{"href":"https:\/\/www.koblenzerbuergerstiftung.de\/KBS2021\/wp-json\/wp\/v2\/pages"}],"about":[{"href":"https:\/\/www.koblenzerbuergerstiftung.de\/KBS2021\/wp-json\/wp\/v2\/types\/page"}],"author":[{"embeddable":true,"href":"https:\/\/www.koblenzerbuergerstiftung.de\/KBS2021\/wp-json\/wp\/v2\/users\/2"}],"replies":[{"embeddable":true,"href":"https:\/\/www.koblenzerbuergerstiftung.de\/KBS2021\/wp-json\/wp\/v2\/comments?post=102"}],"version-history":[{"count":0,"href":"https:\/\/www.koblenzerbuergerstiftung.de\/KBS2021\/wp-json\/wp\/v2\/pages\/102\/revisions"}],"wp:attachment":[{"href":"https:\/\/www.koblenzerbuergerstiftung.de\/KBS2021\/wp-json\/wp\/v2\/media?parent=102"}],"curies":[{"name":"wp","href":"https:\/\/api.w.org\/{rel}","templated":true}]}}